{"id":33279,"date":"2022-11-14T12:48:09","date_gmt":"2022-11-14T12:48:09","guid":{"rendered":"https:\/\/diaaz.ba\/shop\/rijeka-inspiracije-rucno-izradjen-radni-stol-od-punog-hrasta-sa-plavom-premium-epoxy-smolom\/"},"modified":"2025-03-10T11:36:30","modified_gmt":"2025-03-10T11:36:30","slug":"rijeka-inspiracije-rucno-izradjen-radni-stol-od-punog-hrasta-sa-plavom-premium-epoxy-smolom","status":"publish","type":"product","link":"https:\/\/diaaz.ba\/sl\/shop\/rijeka-inspiracije-rucno-izradjen-radni-stol-od-punog-hrasta-sa-plavom-premium-epoxy-smolom\/","title":{"rendered":"Reka navdiha \u2013 ro\u010dno izdelana delovna miza iz masivnega hrasta s premium modro epoksi smolo"},"content":{"rendered":"<p>Miza iz masivnega lesa, hrast, ro\u010dno izdelana s premium modro epoksi smolo (teko\u010de steklo), naravni dizajn izvirno iz drevesa.<\/p>\n<p>Vse mize izdelujemo ro\u010dno iz masivnega lesa. Trudimo se, da deske pripravimo za kon\u010dni izdelek z izbiro kosov, ki so predvsem kakovostno posu\u0161eni.Nato izberemo najlep\u0161e dele lesa, ki vsebujejo \u010disto naravni dizajn. Deske obdelujemo tako, da poudarimo letnice in naravno teksturo lesa, da izpostavimo najlep\u0161e dele.Tak\u0161en pristop skupaj z ro\u010dnim delom naredi na\u0161e mize unikatne in posebne. Miz ne barvamo, temve\u010d kot kon\u010dni sloj uporabljamo samo olje Rubio. \u010cista narava \u2013 to je cilj na\u0161ega ro\u010dnega dela.<\/p>\n<p>Pohi\u0161tvo iz naravnega lesa z originalnim dizajnom je vedno odli\u010dna izbira za urejanje prostora. Mize iz masivnega lesa in epoksi smole so kombinacija, v kateri so harmoni\u010dno prepletene stvaritve narave in \u010dloveka. Edinstveni leseni vzorec v kombinaciji z obarvano ali prozorno smolo je do \u017eeljenega videza poliran izklju\u010dno ro\u010dno.<\/p>\n<p>Na kosih lesa, ki jih imamo na voljo, sledimo naravnim linijam lesa in dodajamo le potrebno \u2013 teko\u010de steklo (epoksi smolo), da zapolnimo in pove\u017eemo naravne razpoke. O\u017eivljamo stara gozdna drevesa, jih vna\u0161amo v va\u0161e domove in podalj\u0161ujemo njihovo \u017eivljenjsko dobo.<br \/>\n\u010ce ta model trenutno ni na zalogi, je za izdelavo novega modela potrebnih 25 delovnih dni. Ko skupaj z vami dolo\u010dimo, kak\u0161no mizo \u017eelite, poi\u0161\u010demo na voljo deske v su\u0161ilnicah.  Nato za\u010dnemo z izdelavo in ro\u010dno obdelavo vse do kon\u010dnega videza. Med izdelavo obi\u010dajno po\u0161iljamo fotografije materiala in posameznih faz obdelave.<\/p>\n<p>Vsaka miza, ki jo vidite, je unikatna in ni rezultat serijske proizvodnje, zato nudi edinstven dizajn v va\u0161em prostoru. To je trajna vrednost, ki jo dobite z nakupom na\u0161ih miz.<br \/>\nNije mogu\u0107e proizvesti identi\u010dan sto, jer je svaka plo\u010da stola napravljena od jedinstvenog komada drveta prirodnog dizajna.<\/p>\n","protected":false},"excerpt":{"rendered":"<ul>\n<li>Izjemna eleganca, ki navdu\u0161uje<\/li>\n<li>Skrbno izdelano iz naravnih materialov za avtenti\u010den vtis<\/li>\n<li>Oblikovana tako, da ustreza \u017eelenim dimenzijam<\/li>\n<li>Zagotavljamo vrhunsko kakovost in trajnost<\/li>\n<li>Vnesite pridih edinstvenosti v vsak prostor<\/li>\n<li>Ustvarite ambient, ki o\u010dara s svojo sofisticirano lepoto<\/li>\n<li>Ulrika \u2013 simbol prefinjene elegance, ki bo navdu\u0161ila<\/li>\n<\/ul>\n","protected":false},"featured_media":29948,"comment_status":"open","ping_status":"closed","template":"","meta":{"_acf_changed":false,"inline_featured_image":false},"product_brand":[],"product_cat":[102,96,89],"product_tag":[92],"class_list":{"0":"post-33279","1":"product","2":"type-product","3":"status-publish","4":"has-post-thumbnail","6":"product_cat-epoxy-sl","7":"product_cat-klub-sl","8":"product_cat-svi-stolovi-sl","9":"product_tag-hrast-sl","10":"pa_dostupnost-dostupno-po-narudzbi-sl","12":"first","13":"onbackorder","14":"shipping-taxable","15":"purchasable","16":"product-type-simple"},"acf":[],"_links":{"self":[{"href":"https:\/\/diaaz.ba\/sl\/wp-json\/wp\/v2\/product\/33279","targetHints":{"allow":["GET"]}}],"collection":[{"href":"https:\/\/diaaz.ba\/sl\/wp-json\/wp\/v2\/product"}],"about":[{"href":"https:\/\/diaaz.ba\/sl\/wp-json\/wp\/v2\/types\/product"}],"replies":[{"embeddable":true,"href":"https:\/\/diaaz.ba\/sl\/wp-json\/wp\/v2\/comments?post=33279"}],"wp:featuredmedia":[{"embeddable":true,"href":"https:\/\/diaaz.ba\/sl\/wp-json\/wp\/v2\/media\/29948"}],"wp:attachment":[{"href":"https:\/\/diaaz.ba\/sl\/wp-json\/wp\/v2\/media?parent=33279"}],"wp:term":[{"taxonomy":"product_brand","embeddable":true,"href":"https:\/\/diaaz.ba\/sl\/wp-json\/wp\/v2\/product_brand?post=33279"},{"taxonomy":"product_cat","embeddable":true,"href":"https:\/\/diaaz.ba\/sl\/wp-json\/wp\/v2\/product_cat?post=33279"},{"taxonomy":"product_tag","embeddable":true,"href":"https:\/\/diaaz.ba\/sl\/wp-json\/wp\/v2\/product_tag?post=33279"}],"curies":[{"name":"wp","href":"https:\/\/api.w.org\/{rel}","templated":true}]}}