{"id":33276,"date":"2022-11-22T09:50:10","date_gmt":"2022-11-22T09:50:10","guid":{"rendered":"https:\/\/diaaz.ba\/shop\/osvjezavajuca-zelena-nota-rucno-izradjen-elipticni-sto-od-hrasta-s-premium-epoxy-smolom\/"},"modified":"2025-03-10T11:36:29","modified_gmt":"2025-03-10T11:36:29","slug":"osvjezavajuca-zelena-nota-rucno-izradjen-elipticni-sto-od-hrasta-s-premium-epoxy-smolom","status":"publish","type":"product","link":"https:\/\/diaaz.ba\/sl\/shop\/osvjezavajuca-zelena-nota-rucno-izradjen-elipticni-sto-od-hrasta-s-premium-epoxy-smolom\/","title":{"rendered":"Osve\u017eujo\u010da zelena nota \u2013 ro\u010dno izdelana elipti\u010dna miza iz hrasta s premium epoksi smolo"},"content":{"rendered":"<p class=\"p1\" style=\"text-align: left;\">Miza iz masivnega lesa, hrast, ro\u010dno izdelana z zeleno premium epoksi smolo (teko\u010de steklo), naravni dizajn izvirno iz drevesa.<\/p>\n<p class=\"p1\" style=\"text-align: left;\">Vse mize izdelujemo ro\u010dno iz masivnega lesa. Prizadevamo si, da deske pripravimo za izdelavo kon\u010dnega izdelka z izbiranjem kosov, ki so predvsem kakovostno posu\u0161eni. Nato izbiramo najlep\u0161e kose lesa, ki predstavljajo \u010dist les naravnega dizajna. Deske obdelujemo tako, da ohranimo letnice in naravno teksturo lesa, s ciljem poudariti najlep\u0161e dele drevesa. Tak\u0161en pristop, skupaj z ro\u010dno izdelavo, naredi na\u0161e mize unikatne in posebne. Miz ne barvamo, temve\u010d kot kon\u010dni sloj uporabljamo samo olje Rubio. \u010cista narava \u2013 to je cilj na\u0161ega ro\u010dnega dela. Pohi\u0161tvo iz naravnega lesa z originalnim dizajnom je vedno odli\u010dna izbira za urejanje prostora. Mize iz masivnega lesa in epoksi smole so kompozicija, kjer so harmoni\u010dno prepletene stvaritve narave in \u010dloveka. Edinstven lesen vzorec, v kombinaciji z obarvano ali prozorno smolo, je do \u017eelenega videza spoliran izklju\u010dno z ro\u010dno obdelavo. Na kosih lesa, ki jih imamo pred izdelavo mize, sledimo naravnim linijam lesa in dodamo samo potrebno \u2013 teko\u010de steklo (epoksi smolo), da zapolnimo in pove\u017eemo naravne razpoke. O\u017eivljamo stara gozdna drevesa, jih vna\u0161amo v va\u0161e domove in podalj\u0161ujemo njihovo \u017eivljenjsko dobo.<\/p>\n","protected":false},"excerpt":{"rendered":"<ul>\n<li class=\"p1\">Graciozna lepota za va\u0161 prostor.<\/li>\n<li class=\"p1\">Skrbno oblikovan z vrhunskimi materiali za izjemen videz.<\/li>\n<li class=\"p1\">Oblikovan za o\u010darljivost z eleganco in prefinjenim slogom.<\/li>\n<li class=\"p1\">Zagotavljamo izjemno kakovost, ki traja.<\/li>\n<li class=\"p1\">Dodajte pridih razko\u0161ja in elegance svojemu domu.<\/li>\n<li class=\"p1\">Ustvarite vzdu\u0161je, ki iz\u017eareva gracioznost in \u0161arm.<\/li>\n<li class=\"p1\">Elipsse \u2013 simbol prefinjenosti in izjemne lepote.<\/li>\n<\/ul>\n","protected":false},"featured_media":31186,"comment_status":"open","ping_status":"closed","template":"","meta":{"_acf_changed":false,"inline_featured_image":false},"product_brand":[],"product_cat":[102,96,97,89],"product_tag":[92],"class_list":{"0":"post-33276","1":"product","2":"type-product","3":"status-publish","4":"has-post-thumbnail","6":"product_cat-epoxy-sl","7":"product_cat-klub-sl","8":"product_cat-puno-drvo-sl","9":"product_cat-svi-stolovi-sl","10":"product_tag-hrast-sl","11":"pa_dostupnost-dostupno-po-narudzbi-sl","13":"first","14":"onbackorder","15":"shipping-taxable","16":"purchasable","17":"product-type-simple"},"acf":[],"_links":{"self":[{"href":"https:\/\/diaaz.ba\/sl\/wp-json\/wp\/v2\/product\/33276","targetHints":{"allow":["GET"]}}],"collection":[{"href":"https:\/\/diaaz.ba\/sl\/wp-json\/wp\/v2\/product"}],"about":[{"href":"https:\/\/diaaz.ba\/sl\/wp-json\/wp\/v2\/types\/product"}],"replies":[{"embeddable":true,"href":"https:\/\/diaaz.ba\/sl\/wp-json\/wp\/v2\/comments?post=33276"}],"wp:featuredmedia":[{"embeddable":true,"href":"https:\/\/diaaz.ba\/sl\/wp-json\/wp\/v2\/media\/31186"}],"wp:attachment":[{"href":"https:\/\/diaaz.ba\/sl\/wp-json\/wp\/v2\/media?parent=33276"}],"wp:term":[{"taxonomy":"product_brand","embeddable":true,"href":"https:\/\/diaaz.ba\/sl\/wp-json\/wp\/v2\/product_brand?post=33276"},{"taxonomy":"product_cat","embeddable":true,"href":"https:\/\/diaaz.ba\/sl\/wp-json\/wp\/v2\/product_cat?post=33276"},{"taxonomy":"product_tag","embeddable":true,"href":"https:\/\/diaaz.ba\/sl\/wp-json\/wp\/v2\/product_tag?post=33276"}],"curies":[{"name":"wp","href":"https:\/\/api.w.org\/{rel}","templated":true}]}}