{"id":33273,"date":"2022-11-22T10:20:09","date_gmt":"2022-11-22T10:20:09","guid":{"rendered":"https:\/\/diaaz.ba\/shop\/prirodni-dizajn-u-savremenom-ruhu-rucno-izradjen-hrastov-stol-sa-crnom-premium-epoxy-smolom\/"},"modified":"2025-03-10T11:36:27","modified_gmt":"2025-03-10T11:36:27","slug":"prirodni-dizajn-u-savremenom-ruhu-rucno-izradjen-hrastov-stol-sa-crnom-premium-epoxy-smolom","status":"publish","type":"product","link":"https:\/\/diaaz.ba\/sl\/shop\/prirodni-dizajn-u-savremenom-ruhu-rucno-izradjen-hrastov-stol-sa-crnom-premium-epoxy-smolom\/","title":{"rendered":"Naravni dizajn v sodobni preobleki \u2013 ro\u010dno izdelana hrastova miza s \u010drno premium epoksi smolo"},"content":{"rendered":"<p class=\"p1\">Miza iz masivnega lesa, hrast, ro\u010dno izdelana s \u010drno premium epoksi smolo (teko\u010de steklo), naravni dizajn izvirno iz drevesa. Vse mize izdelujemo ro\u010dno iz masivnega lesa. Prizadevamo si, da deske pripravimo za izdelavo kon\u010dnega izdelka z izbiranjem kosov, ki so predvsem kakovostno posu\u0161eni. Nato izbiramo najlep\u0161e kose lesa, ki predstavljajo \u010dist les naravnega dizajna. Deske obdelujemo tako, da ohranimo letnice in naravno teksturo lesa, s ciljem poudariti najlep\u0161e dele drevesa. Tak\u0161en pristop, skupaj z ro\u010dno izdelavo, naredi na\u0161e mize unikatne in posebne. Miz ne barvamo, temve\u010d kot kon\u010dni sloj uporabljamo samo olje Rubio. \u010cista narava \u2013 to je cilj na\u0161ega ro\u010dnega dela. Pohi\u0161tvo iz naravnega lesa z originalnim dizajnom je vedno odli\u010dna izbira za urejanje prostora. fMize iz masivnega lesa in epoksi smole so kompozicija, kjer so harmoni\u010dno prepletene stvaritve narave in \u010dloveka. Edinstven lesen vzorec, v kombinaciji z obarvano ali prozorno smolo, je do \u017eelenega videza spoliran izklju\u010dno z ro\u010dno obdelavo. Na kosih lesa, ki jih imamo pred izdelavo mize, sledimo naravnim linijam lesa in dodamo samo potrebno \u2013 teko\u010de steklo (epoksi smolo), da zapolnimo in pove\u017eemo naravne razpoke. O\u017eivljamo stara gozdna drevesa, jih vna\u0161amo v va\u0161e domove in podalj\u0161ujemo njihovo \u017eivljenjsko dobo.<\/p>\n","protected":false},"excerpt":{"rendered":"<ul>\n<li style=\"list-style-type: none;\">\n<ul>\n<li class=\"p1\">Sijajna eleganca<\/li>\n<li class=\"p1\">Skrbno izdelana iz visokokakovostnih materialov za izjemno estetiko<\/li>\n<li class=\"p1\">Oblikovana tako, da se prilagodi \u017eelenim dimenzijam<\/li>\n<li class=\"p1\">Zagotavljamo vrhunsko kakovost in trajnost<\/li>\n<li class=\"p1\">Dodajte pridih modernega v vsak prostor<\/li>\n<li class=\"p1\">Ustvarite ambient, ki o\u010dara s svojo estetiko<\/li>\n<li class=\"p1\">Viego \u2013 simbol brez\u010dasne elegance, ki bo o\u010darala<\/li>\n<\/ul>\n<\/li>\n<\/ul>\n","protected":false},"featured_media":31328,"comment_status":"open","ping_status":"closed","template":"","meta":{"_acf_changed":false,"inline_featured_image":false},"product_brand":[],"product_cat":[102,96,89],"product_tag":[92],"class_list":{"0":"post-33273","1":"product","2":"type-product","3":"status-publish","4":"has-post-thumbnail","6":"product_cat-epoxy-sl","7":"product_cat-klub-sl","8":"product_cat-svi-stolovi-sl","9":"product_tag-hrast-sl","10":"pa_dostupnost-dostupno-po-narudzbi-sl","12":"first","13":"onbackorder","14":"shipping-taxable","15":"purchasable","16":"product-type-simple"},"acf":[],"_links":{"self":[{"href":"https:\/\/diaaz.ba\/sl\/wp-json\/wp\/v2\/product\/33273","targetHints":{"allow":["GET"]}}],"collection":[{"href":"https:\/\/diaaz.ba\/sl\/wp-json\/wp\/v2\/product"}],"about":[{"href":"https:\/\/diaaz.ba\/sl\/wp-json\/wp\/v2\/types\/product"}],"replies":[{"embeddable":true,"href":"https:\/\/diaaz.ba\/sl\/wp-json\/wp\/v2\/comments?post=33273"}],"wp:featuredmedia":[{"embeddable":true,"href":"https:\/\/diaaz.ba\/sl\/wp-json\/wp\/v2\/media\/31328"}],"wp:attachment":[{"href":"https:\/\/diaaz.ba\/sl\/wp-json\/wp\/v2\/media?parent=33273"}],"wp:term":[{"taxonomy":"product_brand","embeddable":true,"href":"https:\/\/diaaz.ba\/sl\/wp-json\/wp\/v2\/product_brand?post=33273"},{"taxonomy":"product_cat","embeddable":true,"href":"https:\/\/diaaz.ba\/sl\/wp-json\/wp\/v2\/product_cat?post=33273"},{"taxonomy":"product_tag","embeddable":true,"href":"https:\/\/diaaz.ba\/sl\/wp-json\/wp\/v2\/product_tag?post=33273"}],"curies":[{"name":"wp","href":"https:\/\/api.w.org\/{rel}","templated":true}]}}