{"id":33267,"date":"2022-11-28T10:25:35","date_gmt":"2022-11-28T10:25:35","guid":{"rendered":"https:\/\/diaaz.ba\/shop\/ekskluzivna-crna-premium-epoxy-smola-za-trajnu-eleganciju-i-zastitu-prirodnog-dizajna-izvorno-iz-stabla\/"},"modified":"2025-03-10T11:35:08","modified_gmt":"2025-03-10T11:35:08","slug":"ekskluzivna-crna-premium-epoxy-smola-za-trajnu-eleganciju-i-zastitu-prirodnog-dizajna-izvorno-iz-stabla","status":"publish","type":"product","link":"https:\/\/diaaz.ba\/sl\/shop\/ekskluzivna-crna-premium-epoxy-smola-za-trajnu-eleganciju-i-zastitu-prirodnog-dizajna-izvorno-iz-stabla\/","title":{"rendered":"Ekskluzivna \u010drna premium epoksi smola za trajno eleganco in za\u0161\u010dito naravnega dizajna, ki izvira iz drevesa"},"content":{"rendered":"<p class=\"p1\">Ro\u010dno izdelana miza iz masivnega lesa hrasta in premium \u010drne epoksi smole (teko\u010de steklo), naravni dizajn, ki izvira iz drevesa. Vse mize izdelujemo ro\u010dno iz masivnega lesa. Prizadevamo si, da deske pripravimo za izdelavo kon\u010dnega izdelka z izbiranjem kosov, ki so predvsem kakovostno posu\u0161eni. Nato izbiramo najlep\u0161e kose lesa, ki predstavljajo \u010dist les naravnega dizajna. Deske obdelujemo tako, da ohranimo letnice in naravno teksturo lesa, s ciljem poudariti najlep\u0161e dele drevesa. Tak\u0161en pristop, skupaj z ro\u010dno izdelavo, naredi na\u0161e mize unikatne in posebne. Miz ne barvamo, temve\u010d kot kon\u010dni sloj uporabljamo samo olje Rubio. \u010cista narava \u2013 to je cilj na\u0161ega ro\u010dnega dela. Pohi\u0161tvo iz naravnega lesa z originalnim dizajnom je vedno odli\u010dna izbira za urejanje prostora. Mize iz masivnega lesa in epoksi smole so kompozicija, kjer so harmoni\u010dno prepletene stvaritve narave in \u010dloveka. Edinstven lesen vzorec, v kombinaciji z obarvano ali prozorno smolo, je do \u017eelenega videza spoliran izklju\u010dno z ro\u010dno obdelavo.<\/p>\n","protected":false},"excerpt":{"rendered":"<ul>\n<li class=\"p1\">Mo\u010d in eleganca v enem kosu.<\/li>\n<li class=\"p1\">Skrbno izdelana iz vrhunskih materialov za brezkompromisno kakovost.<\/li>\n<li class=\"p1\">Oblikovana, da navdu\u0161i z vzdr\u017eljivostjo in prefinjenim slogom.<\/li>\n<li class=\"p1\">Zagotavljamo trajnost in obstojnost brez primere.<\/li>\n<li class=\"p1\">Dodajte pridih mo\u010dnega \u0161arma in prefinjene elegance v svoj prostor.<\/li>\n<li class=\"p1\">Ustvarite ambient, ki iz\u017eareva mo\u010d in razko\u0161no lepoto.<\/li>\n<li class=\"p1\">Fettner \u2013 spoj mo\u010di in prefinjenega \u0161arma.<\/li>\n<\/ul>\n","protected":false},"featured_media":30080,"comment_status":"open","ping_status":"closed","template":"","meta":{"_acf_changed":false,"inline_featured_image":false},"product_brand":[],"product_cat":[105,107,106,89],"product_tag":[92],"class_list":{"0":"post-33267","1":"product","2":"type-product","3":"status-publish","4":"has-post-thumbnail","6":"product_cat-epoxy-radni-sl","7":"product_cat-puno-drvo-radni-sl","8":"product_cat-radni-sl","9":"product_cat-svi-stolovi-sl","10":"product_tag-hrast-sl","11":"pa_dostupnost-dostupno-po-narudzbi-sl","13":"first","14":"onbackorder","15":"shipping-taxable","16":"purchasable","17":"product-type-simple"},"acf":[],"_links":{"self":[{"href":"https:\/\/diaaz.ba\/sl\/wp-json\/wp\/v2\/product\/33267","targetHints":{"allow":["GET"]}}],"collection":[{"href":"https:\/\/diaaz.ba\/sl\/wp-json\/wp\/v2\/product"}],"about":[{"href":"https:\/\/diaaz.ba\/sl\/wp-json\/wp\/v2\/types\/product"}],"replies":[{"embeddable":true,"href":"https:\/\/diaaz.ba\/sl\/wp-json\/wp\/v2\/comments?post=33267"}],"wp:featuredmedia":[{"embeddable":true,"href":"https:\/\/diaaz.ba\/sl\/wp-json\/wp\/v2\/media\/30080"}],"wp:attachment":[{"href":"https:\/\/diaaz.ba\/sl\/wp-json\/wp\/v2\/media?parent=33267"}],"wp:term":[{"taxonomy":"product_brand","embeddable":true,"href":"https:\/\/diaaz.ba\/sl\/wp-json\/wp\/v2\/product_brand?post=33267"},{"taxonomy":"product_cat","embeddable":true,"href":"https:\/\/diaaz.ba\/sl\/wp-json\/wp\/v2\/product_cat?post=33267"},{"taxonomy":"product_tag","embeddable":true,"href":"https:\/\/diaaz.ba\/sl\/wp-json\/wp\/v2\/product_tag?post=33267"}],"curies":[{"name":"wp","href":"https:\/\/api.w.org\/{rel}","templated":true}]}}