{"id":33265,"date":"2022-11-28T10:29:53","date_gmt":"2022-11-28T10:29:53","guid":{"rendered":"https:\/\/diaaz.ba\/shop\/spoj-prirode-i-modernog-rucno-izradjen-stol-od-punog-brijesta-sa-plavom-premium-epoxy-smolom\/"},"modified":"2025-03-10T11:35:03","modified_gmt":"2025-03-10T11:35:03","slug":"spoj-prirode-i-modernog-rucno-izradjen-stol-od-punog-brijesta-sa-plavom-premium-epoxy-smolom","status":"publish","type":"product","link":"https:\/\/diaaz.ba\/sl\/shop\/spoj-prirode-i-modernog-rucno-izradjen-stol-od-punog-brijesta-sa-plavom-premium-epoxy-smolom\/","title":{"rendered":"Povezava narave in moderne \u2013 ro\u010dno izdelana miza iz masivnega javorja z modro premium epoksi smolo"},"content":{"rendered":"<p class=\"p1\">Miza iz masivnega lesa, javor, ro\u010dno izdelana z modro premium epoksi smolo (teko\u010dim steklom), naravni dizajn iz drevesa. Vse mize izdelujemo ro\u010dno iz masivnega lesa. Prizadevamo si, da deske lesa pripravimo za izdelavo kon\u010dnega izdelka z izbiranjem kosov, ki so predvsem kakovostno posu\u0161eni. Nato izbiramo najlep\u0161e kose drevesa, ki predstavljajo \u010dist les naravnega dizajna. Deske obdelujemo z ohranjanjem letnic in naravne teksture lesa, s ciljem poudariti najlep\u0161e dele drevesa. Tak\u0161en pristop, skupaj z ro\u010dno izdelavo, naredi na\u0161e mize unikatne in posebne. Miz ne barvamo, temve\u010d kot kon\u010dni sloj uporabljamo samo olje Rubio. \u010cista narava \u2013 to je cilj na\u0161ega ro\u010dnega dela. Pohi\u0161tvo iz naravnega lesa z originalnim dizajnom je vedno odli\u010dna izbira za urejanje prostora. Mize iz masivnega lesa in epoksi smole so kompozicija, kjer so harmoni\u010dno prepletene stvaritve narave in \u010dloveka. Edinstven lesen vzorec, v kombinaciji z obarvano ali prozorno smolo, je do \u017eelenega videza spoliran izklju\u010dno z ro\u010dno obdelavo.<\/p>\n","protected":false},"excerpt":{"rendered":"<ul>\n<li class=\"p1\">Pridih morskega sijaja<\/li>\n<li class=\"p1\">Prilagojen va\u0161im meram in slogu<\/li>\n<li class=\"p1\">Izdelan z izjemno natan\u010dnostjo in iz vrhunskih materialov<\/li>\n<li class=\"p1\">Zagotavljamo vrhunsko kakovost, ki traja<\/li>\n<li class=\"p1\">Dodajte pridih neustavljivosti v svoj prostor z mizo, ki je popolnoma prilagojena vam<\/li>\n<li class=\"p1\">Ustvarite eleganten in edinstven ambient, ki odra\u017ea va\u0161 slog<\/li>\n<li class=\"p1\">Blaumman \u2013 povezava funkcionalnosti in personalizacije<\/li>\n<\/ul>\n","protected":false},"featured_media":30095,"comment_status":"open","ping_status":"closed","template":"","meta":{"_acf_changed":false,"inline_featured_image":false},"product_brand":[],"product_cat":[94,90,89,91],"product_tag":[116],"class_list":{"0":"post-33265","1":"product","2":"type-product","3":"status-publish","4":"has-post-thumbnail","6":"product_cat-masivni-les","7":"product_cat-epoxy-trpezarijski-sl","8":"product_cat-svi-stolovi-sl","9":"product_cat-trpezarijski-sl","10":"product_tag-brijest-sl","11":"pa_dostupnost-dostupno-odmah-sl","13":"first","14":"instock","15":"shipping-taxable","16":"purchasable","17":"product-type-simple"},"acf":[],"_links":{"self":[{"href":"https:\/\/diaaz.ba\/sl\/wp-json\/wp\/v2\/product\/33265","targetHints":{"allow":["GET"]}}],"collection":[{"href":"https:\/\/diaaz.ba\/sl\/wp-json\/wp\/v2\/product"}],"about":[{"href":"https:\/\/diaaz.ba\/sl\/wp-json\/wp\/v2\/types\/product"}],"replies":[{"embeddable":true,"href":"https:\/\/diaaz.ba\/sl\/wp-json\/wp\/v2\/comments?post=33265"}],"wp:featuredmedia":[{"embeddable":true,"href":"https:\/\/diaaz.ba\/sl\/wp-json\/wp\/v2\/media\/30095"}],"wp:attachment":[{"href":"https:\/\/diaaz.ba\/sl\/wp-json\/wp\/v2\/media?parent=33265"}],"wp:term":[{"taxonomy":"product_brand","embeddable":true,"href":"https:\/\/diaaz.ba\/sl\/wp-json\/wp\/v2\/product_brand?post=33265"},{"taxonomy":"product_cat","embeddable":true,"href":"https:\/\/diaaz.ba\/sl\/wp-json\/wp\/v2\/product_cat?post=33265"},{"taxonomy":"product_tag","embeddable":true,"href":"https:\/\/diaaz.ba\/sl\/wp-json\/wp\/v2\/product_tag?post=33265"}],"curies":[{"name":"wp","href":"https:\/\/api.w.org\/{rel}","templated":true}]}}