{"id":33256,"date":"2022-11-28T10:54:55","date_gmt":"2022-11-28T10:54:55","guid":{"rendered":"https:\/\/diaaz.ba\/shop\/unikatna-simfonija-rucno-izradjen-sto-od-hrasta-i-oraha-s-prirodnim-live-edge-rubovima\/"},"modified":"2025-03-10T11:34:26","modified_gmt":"2025-03-10T11:34:26","slug":"unikatna-simfonija-rucno-izradjen-sto-od-hrasta-i-oraha-s-prirodnim-live-edge-rubovima","status":"publish","type":"product","link":"https:\/\/diaaz.ba\/sl\/shop\/unikatna-simfonija-rucno-izradjen-sto-od-hrasta-i-oraha-s-prirodnim-live-edge-rubovima\/","title":{"rendered":"Unikatna simfonija &#8211; ro\u010dno izdelana miza iz hrasta in oreha z naravnimi robovi &#8220;live edge&#8221;"},"content":{"rendered":"<p class=\"p1\">Ro\u010dno izdelana miza iz masivnega lesa, kombinacija hrasta in oreha, naravni robovi &#8220;Live edge&#8221;, izvirno iz drevesa. Vse mize izdelujemo ro\u010dno iz masivnega lesa. Prizadevamo si, da deske lesa pripravimo za izdelavo kon\u010dnega izdelka z izbiranjem kosov, ki so predvsem kakovostno posu\u0161eni. Nato izbiramo najlep\u0161e kose drevesa, ki predstavljajo \u010dist les naravnega dizajna. Deske obdelujemo z ohranjanjem letnic in naravne teksture lesa, s ciljem poudariti najlep\u0161e dele drevesa. Tak\u0161en pristop, skupaj z ro\u010dno izdelavo, naredi na\u0161e mize unikatne in posebne. Miz ne barvamo, temve\u010d kot kon\u010dni sloj uporabljamo samo olje Rubio. \u010cista narava \u2013 to je cilj na\u0161ega ro\u010dnega dela. Pohi\u0161tvo iz naravnega lesa z originalnim dizajnom je vedno odli\u010dna izbira za urejanje prostora. Mize iz masivnega lesa in epoksi smole so kompozicija, kjer so harmoni\u010dno prepletene stvaritve narave in \u010dloveka. Edinstven lesen vzorec, v kombinaciji z obarvano ali prozorno smolo, je do \u017eelenega videza spoliran izklju\u010dno z ro\u010dno obdelavo. Na kosih lesa, ki jih imamo pred samo izdelavo mize, sledimo naravnim linijam lesa in dodamo le nujno \u2013 teko\u010de steklo (epoksi smolo), da zapolnimo in pove\u017eemo naravne razpoke. Obujmujemo stare gozdne drevesa, jih vna\u0161amo v va\u0161e domove in podalj\u0161ujemo njihovo \u017eivljenjsko dobo. \u010ce ta model trenutno ni na voljo, za izdelavo novega modela potrebujemo 25 delovnih dni. Ko skupaj z vami dolo\u010dimo, kak\u0161no mizo \u017eelite, sledimo va\u0161im zahtevam in i\u0161\u010demo razpolo\u017eljive deske lesa v su\u0161ilnicah. Nato za\u010dnemo z izdelavo in ro\u010dno obdelavo vse do kon\u010dnega videza. Med samo izdelavo prakticiramo po\u0161iljanje fotografij tako materiala, kot tudi posameznih faz obdelave. Vsaka miza, ki jo vidite, je unikatna in ni rezultat serijske proizvodnje, ter kot taka nudi edinstven dizajn v va\u0161em prostoru. Ni mogo\u010de izdelati identi\u010dne mize, saj je vsaka plo\u0161\u010da mize narejena iz enkratnega kosa drevesa naravnega dizajna.<\/p>\n","protected":false},"excerpt":{"rendered":"<ul>\n<li class=\"p1\">Vsestranska eleganca v domu, pisarni ali gostinskem prostoru<\/li>\n<li class=\"p1\">Skrbno oblikovan iz odli\u010dnih materialov za brezhibno kakovost<\/li>\n<li class=\"p1\">Oblikovan, da ponudi neomejene mo\u017enosti za ustvarjalno ureditev in uporabo<\/li>\n<li class=\"p1\">Zagotavljamo trajnost in obstojnost brez primere<\/li>\n<li class=\"p1\">Dodajte noto razko\u0161ja in elegance v svoj prostor<\/li>\n<li class=\"p1\">Ustvarite ambient, ki o\u010dara s svojim izpopolnjenim stilom<\/li>\n<li class=\"p1\">Hellmer \u2013 simbol izpopolnjenosti in sofisticirane lepote, ki vas bo navdu\u0161il<\/li>\n<\/ul>\n","protected":false},"featured_media":30176,"comment_status":"open","ping_status":"closed","template":"","meta":{"_acf_changed":false,"inline_featured_image":false},"product_brand":[],"product_cat":[94,89,91],"product_tag":[92,95],"class_list":{"0":"post-33256","1":"product","2":"type-product","3":"status-publish","4":"has-post-thumbnail","6":"product_cat-masivni-les","7":"product_cat-svi-stolovi-sl","8":"product_cat-trpezarijski-sl","9":"product_tag-hrast-sl","10":"product_tag-oreh","11":"pa_dostupnost-dostupno-odmah-sl","13":"first","14":"instock","15":"shipping-taxable","16":"purchasable","17":"product-type-simple"},"acf":[],"_links":{"self":[{"href":"https:\/\/diaaz.ba\/sl\/wp-json\/wp\/v2\/product\/33256","targetHints":{"allow":["GET"]}}],"collection":[{"href":"https:\/\/diaaz.ba\/sl\/wp-json\/wp\/v2\/product"}],"about":[{"href":"https:\/\/diaaz.ba\/sl\/wp-json\/wp\/v2\/types\/product"}],"replies":[{"embeddable":true,"href":"https:\/\/diaaz.ba\/sl\/wp-json\/wp\/v2\/comments?post=33256"}],"wp:featuredmedia":[{"embeddable":true,"href":"https:\/\/diaaz.ba\/sl\/wp-json\/wp\/v2\/media\/30176"}],"wp:attachment":[{"href":"https:\/\/diaaz.ba\/sl\/wp-json\/wp\/v2\/media?parent=33256"}],"wp:term":[{"taxonomy":"product_brand","embeddable":true,"href":"https:\/\/diaaz.ba\/sl\/wp-json\/wp\/v2\/product_brand?post=33256"},{"taxonomy":"product_cat","embeddable":true,"href":"https:\/\/diaaz.ba\/sl\/wp-json\/wp\/v2\/product_cat?post=33256"},{"taxonomy":"product_tag","embeddable":true,"href":"https:\/\/diaaz.ba\/sl\/wp-json\/wp\/v2\/product_tag?post=33256"}],"curies":[{"name":"wp","href":"https:\/\/api.w.org\/{rel}","templated":true}]}}