{"id":33207,"date":"2023-11-13T10:09:57","date_gmt":"2023-11-13T10:09:57","guid":{"rendered":"https:\/\/diaaz.ba\/shop\/maggner\/"},"modified":"2025-03-10T11:30:57","modified_gmt":"2025-03-10T11:30:57","slug":"maggner","status":"publish","type":"product","link":"https:\/\/diaaz.ba\/sl\/shop\/maggner\/","title":{"rendered":"Maggner"},"content":{"rendered":"<p>Miza iz masivnega lesa, oreh, ro\u010dno izdelana s premium modro epoksi smolo, izvorno iz drevesa.<br \/>\nVse mize izdelujemo ro\u010dno iz masivnega lesa. Prizadevamo si, da lesene plo\u0161\u010de pripravimo za kon\u010dni izdelek z izbiro kosov, ki so predvsem kakovostno posu\u0161eni. Nato izberemo najlep\u0161e dele drevesa, ki sestavljajo \u010disti les naravnega dizajna.<br \/>\nPlo\u0161\u010de obdelujemo s skrbjo za letnice in naravno teksturo lesa, da poudarimo najlep\u0161e dele drevesa. Tak pristop, skupaj z ro\u010dnim delom, naredi na\u0161e mize unikatne in posebne. Miz ne barvamo, temve\u010d kot kon\u010dni sloj uporabljamo samo olje Rubio. \u010cista narava \u2013 to je cilj na\u0161ega ro\u010dnega dela.<\/p>\n<p>Pohi\u0161tvo iz naravnega lesa z originalnim dizajnom je vedno odli\u010dna ideja za ureditev prostora. Mize iz masivnega lesa in epoksi smole so kompozicija, kjer se harmoni\u010dno prepletajo kreacije narave in \u010dloveka. Edinstven leseni vzorec, v kombinaciji z barvno ali prozorno smolo, je do \u017eelene podobe poliran izklju\u010dno ro\u010dno. Na kosih lesa, s katerimi razpolagamo pred izdelavo mize, sledimo naravnim linijam lesa in dodamo samo nujno \u2013 teko\u010de steklo (epoksi smolo), da zapolnimo in pove\u017eemo naravne razpoke. O\u017eivljamo stara gozdna drevesa, jih vna\u0161amo v va\u0161e domove in podalj\u0161ujemo njihovo \u017eivljenjsko dobo.<\/p>\n<p>\u010ce ta model trenutno ni na zalogi, je za izdelavo novega modela potrebnih 25 delovnih dni. Ko skupaj z vami dolo\u010dimo, kak\u0161no mizo \u017eelite, i\u0161\u010demo razpolo\u017eljive lesene plo\u0161\u010de v su\u0161ilnicah. Nato za\u010dnemo z izdelavo in ro\u010dno obdelavo do kon\u010dnega videza.<br \/>\nMed izdelavo vam po\u0161iljamo fotografije tako materiala kot posameznih faz obdelave. Vsaka miza, ki jo vidite, je unikatna in ni rezultat serijske proizvodnje, zato ponuja edinstven dizajn v va\u0161em prostoru.<\/p>\n","protected":false},"excerpt":{"rendered":"<ul>\n<li>Miza iz masivnega lesa<\/li>\n<li>Oreh<\/li>\n<li>Ro\u010dno izdelana s premium modro epoksi smolo<\/li>\n<li>Naravni dizajn, izvorno iz drevesa<\/li>\n<\/ul>\n","protected":false},"featured_media":30437,"comment_status":"open","ping_status":"closed","template":"","meta":{"_acf_changed":false,"inline_featured_image":false},"product_brand":[],"product_cat":[90,89,91],"product_tag":[95],"class_list":{"0":"post-33207","1":"product","2":"type-product","3":"status-publish","4":"has-post-thumbnail","6":"product_cat-epoxy-trpezarijski-sl","7":"product_cat-svi-stolovi-sl","8":"product_cat-trpezarijski-sl","9":"product_tag-oreh","11":"first","12":"onbackorder","13":"shipping-taxable","14":"purchasable","15":"product-type-simple"},"acf":[],"_links":{"self":[{"href":"https:\/\/diaaz.ba\/sl\/wp-json\/wp\/v2\/product\/33207","targetHints":{"allow":["GET"]}}],"collection":[{"href":"https:\/\/diaaz.ba\/sl\/wp-json\/wp\/v2\/product"}],"about":[{"href":"https:\/\/diaaz.ba\/sl\/wp-json\/wp\/v2\/types\/product"}],"replies":[{"embeddable":true,"href":"https:\/\/diaaz.ba\/sl\/wp-json\/wp\/v2\/comments?post=33207"}],"wp:featuredmedia":[{"embeddable":true,"href":"https:\/\/diaaz.ba\/sl\/wp-json\/wp\/v2\/media\/30437"}],"wp:attachment":[{"href":"https:\/\/diaaz.ba\/sl\/wp-json\/wp\/v2\/media?parent=33207"}],"wp:term":[{"taxonomy":"product_brand","embeddable":true,"href":"https:\/\/diaaz.ba\/sl\/wp-json\/wp\/v2\/product_brand?post=33207"},{"taxonomy":"product_cat","embeddable":true,"href":"https:\/\/diaaz.ba\/sl\/wp-json\/wp\/v2\/product_cat?post=33207"},{"taxonomy":"product_tag","embeddable":true,"href":"https:\/\/diaaz.ba\/sl\/wp-json\/wp\/v2\/product_tag?post=33207"}],"curies":[{"name":"wp","href":"https:\/\/api.w.org\/{rel}","templated":true}]}}