{"id":33154,"date":"2024-07-03T09:18:00","date_gmt":"2024-07-03T09:18:00","guid":{"rendered":"https:\/\/diaaz.ba\/shop\/hercull-s\/"},"modified":"2025-03-10T11:27:30","modified_gmt":"2025-03-10T11:27:30","slug":"hercull-s","status":"publish","type":"product","link":"https:\/\/diaaz.ba\/sl\/shop\/hercull-s\/","title":{"rendered":"Hercull S"},"content":{"rendered":"<p>Ro\u010dno izdelana miza iz masivnega hrastovega lesa, naravni dizajn izvorno iz drevesa.<br \/>\nVse mize izdelujemo ro\u010dno iz masivnega lesa. Prizadevamo si, da lesene plo\u0161\u010de pripravimo za kon\u010dni izdelek, pri \u010demer izbiramo kakovostno posu\u0161ene kose.Nato izberemo najlep\u0161e dele drevesa, ki sestavljajo \u010disti les naravnega dizajna. Plo\u0161\u010de obdelujemo s skrbjo za letnice in naravno teksturo lesa, da poudarimo najlep\u0161e dele drevesa. Tak pristop, skupaj z ro\u010dnim delom, naredi na\u0161e mize unikatne in posebne. Miz ne barvamo, temve\u010d kot kon\u010dni sloj uporabljamo samo olje Rubio. \u010cista narava \u2013 to je cilj na\u0161ega ro\u010dnega dela.<br \/>\nDizajn in izdelava<br \/>\nPohi\u0161tvo iz naravnega lesa z originalnim dizajnom je vedno odli\u010dna izbira za ureditev prostora. Mize iz masivnega lesa in epoksi smole so kompozicija, kjer se harmoni\u010dno prepletajo kreacije narave in \u010dloveka. Edinstven leseni vzorec, v kombinaciji z barvno ali prozorno smolo, je do \u017eelene podobe poliran izklju\u010dno ro\u010dno.<br \/>\nNaravni detajli<br \/>\nNa kosih lesa, s katerimi razpolagamo pred izdelavo mize, sledimo naravnim linijam lesa in dodamo samo nujno \u2013 teko\u010de steklo (epoksi smolo), da zapolnimo in pove\u017eemo naravne razpoke.<br \/>\nO\u017eivljamo stara gozdna drevesa, jih vna\u0161amo v va\u0161e domove in podalj\u0161ujemo njihovo \u017eivljenjsko dobo.<br \/>\nDobavni rok<br \/>\n\u010ce ta model trenutno ni na zalogi, je za izdelavo novega modela potrebnih 25 delovnih dni. Ko skupaj z vami dolo\u010dimo, kak\u0161no mizo \u017eelite, i\u0161\u010demo razpolo\u017eljive lesene plo\u0161\u010de v su\u0161ilnicah.<br \/>\nNato za\u010dnemo z izdelavo in ro\u010dno obdelavo do kon\u010dnega videza. Med izdelavo vam po\u0161iljamo fotografije tako materiala kot posameznih faz obdelave.<br \/>\nUnikatnost<br \/>\nVsaka miza, ki jo vidite, je unikatna in ni rezultat serijske proizvodnje, zato nudi edinstven dizajn v va\u0161em prostoru.<br \/>\nPrav to predstavlja trajno vrednost, ki jo pridobite z nakupom na\u0161ih miz.<\/p>\n","protected":false},"excerpt":{"rendered":"<ul>\n<li>Miza iz masivnega lesa<\/li>\n<li>Hrast<\/li>\n<li>Ro\u010dno izdelana<\/li>\n<li>Naravni dizajn, izvorno iz drevesa<\/li>\n<\/ul>\n","protected":false},"featured_media":31774,"comment_status":"open","ping_status":"closed","template":"","meta":{"_acf_changed":false,"inline_featured_image":false},"product_brand":[],"product_cat":[94,89,91],"product_tag":[92],"class_list":{"0":"post-33154","1":"product","2":"type-product","3":"status-publish","4":"has-post-thumbnail","6":"product_cat-masivni-les","7":"product_cat-svi-stolovi-sl","8":"product_cat-trpezarijski-sl","9":"product_tag-hrast-sl","11":"first","12":"onbackorder","13":"shipping-taxable","14":"purchasable","15":"product-type-simple"},"acf":[],"_links":{"self":[{"href":"https:\/\/diaaz.ba\/sl\/wp-json\/wp\/v2\/product\/33154","targetHints":{"allow":["GET"]}}],"collection":[{"href":"https:\/\/diaaz.ba\/sl\/wp-json\/wp\/v2\/product"}],"about":[{"href":"https:\/\/diaaz.ba\/sl\/wp-json\/wp\/v2\/types\/product"}],"replies":[{"embeddable":true,"href":"https:\/\/diaaz.ba\/sl\/wp-json\/wp\/v2\/comments?post=33154"}],"wp:featuredmedia":[{"embeddable":true,"href":"https:\/\/diaaz.ba\/sl\/wp-json\/wp\/v2\/media\/31774"}],"wp:attachment":[{"href":"https:\/\/diaaz.ba\/sl\/wp-json\/wp\/v2\/media?parent=33154"}],"wp:term":[{"taxonomy":"product_brand","embeddable":true,"href":"https:\/\/diaaz.ba\/sl\/wp-json\/wp\/v2\/product_brand?post=33154"},{"taxonomy":"product_cat","embeddable":true,"href":"https:\/\/diaaz.ba\/sl\/wp-json\/wp\/v2\/product_cat?post=33154"},{"taxonomy":"product_tag","embeddable":true,"href":"https:\/\/diaaz.ba\/sl\/wp-json\/wp\/v2\/product_tag?post=33154"}],"curies":[{"name":"wp","href":"https:\/\/api.w.org\/{rel}","templated":true}]}}