{"id":33122,"date":"2024-12-16T12:17:03","date_gmt":"2024-12-16T12:17:03","guid":{"rendered":"https:\/\/diaaz.ba\/shop\/faccer\/"},"modified":"2025-03-10T11:25:16","modified_gmt":"2025-03-10T11:25:16","slug":"faccer","status":"publish","type":"product","link":"https:\/\/diaaz.ba\/sl\/shop\/faccer\/","title":{"rendered":"Faccer"},"content":{"rendered":"<p>Ro\u010dno izdelana miza iz masivnega lesa, jesen, naravni dizajn izvirno iz drevesa.<br \/>\nVse mize izdelujemo ro\u010dno iz masivnega lesa.<br \/>\nPrizadevamo si, da lesene plo\u0161\u010de pripravimo za kon\u010dni izdelek, pri \u010demer izbiramo kakovostno posu\u0161ene kose.<br \/>\nNato izberemo najlep\u0161e dele drevesa, ki sestavljajo \u010disti les naravnega dizajna.<br \/>\nPlo\u0161\u010de obdelujemo s skrbjo za letnice in naravno teksturo lesa, da poudarimo najlep\u0161e dele drevesa.<br \/>\nTak pristop, skupaj z ro\u010dnim delom, naredi na\u0161e mize unikatne in posebne.<br \/>\nMiz ne barvamo, temve\u010d kot kon\u010dni sloj uporabljamo samo olje Rubio.<br \/>\n\u010cista narava \u2013 to je cilj na\u0161ega ro\u010dnega dela.<br \/>\nPohi\u0161tvo iz naravnega lesa z originalnim dizajnom je vedno odli\u010dna ideja za opremljanje prostora.<br \/>\nMize iz masivnega lesa in epoksi smole so kombinacija, v kateri so harmoni\u010dno prepletene stvaritve narave in \u010dloveka.<br \/>\nEdinstven lesen vzorec, v kombinaciji z barvano ali prozorno smolo, je do kon\u010dnega videza poliran izklju\u010dno ro\u010dno.<br \/>\nNa kosih lesa, ki jih imamo na voljo pred samo izdelavo mize, sledimo naravnim linijam lesa in dodajamo samo najnujnej\u0161e \u2013 teko\u010de steklo (epoksi smolo), da zapolnimo<br \/>\nin zdru\u017eimo naravne razpoke.<br \/>\nO\u017eivljamo stara gozdna drevesa, jih vna\u0161amo v va\u0161e domove in podalj\u0161ujemo njihovo \u017eivljenjsko dobo.<\/p>\n","protected":false},"excerpt":{"rendered":"<ul>\n<li>Miza iz masivnega lesa<\/li>\n<li>Jesen<\/li>\n<li>Ro\u010dno izdelana<\/li>\n<li>Naravni dizajn, izvirno iz drevesa<\/li>\n<\/ul>\n","protected":false},"featured_media":32299,"comment_status":"open","ping_status":"closed","template":"","meta":{"_acf_changed":false,"inline_featured_image":false},"product_brand":[],"product_cat":[94,89,91],"product_tag":[103],"class_list":{"0":"post-33122","1":"product","2":"type-product","3":"status-publish","4":"has-post-thumbnail","6":"product_cat-masivni-les","7":"product_cat-svi-stolovi-sl","8":"product_cat-trpezarijski-sl","9":"product_tag-jasen-sl","11":"first","12":"onbackorder","13":"shipping-taxable","14":"purchasable","15":"product-type-simple"},"acf":[],"_links":{"self":[{"href":"https:\/\/diaaz.ba\/sl\/wp-json\/wp\/v2\/product\/33122","targetHints":{"allow":["GET"]}}],"collection":[{"href":"https:\/\/diaaz.ba\/sl\/wp-json\/wp\/v2\/product"}],"about":[{"href":"https:\/\/diaaz.ba\/sl\/wp-json\/wp\/v2\/types\/product"}],"replies":[{"embeddable":true,"href":"https:\/\/diaaz.ba\/sl\/wp-json\/wp\/v2\/comments?post=33122"}],"wp:featuredmedia":[{"embeddable":true,"href":"https:\/\/diaaz.ba\/sl\/wp-json\/wp\/v2\/media\/32299"}],"wp:attachment":[{"href":"https:\/\/diaaz.ba\/sl\/wp-json\/wp\/v2\/media?parent=33122"}],"wp:term":[{"taxonomy":"product_brand","embeddable":true,"href":"https:\/\/diaaz.ba\/sl\/wp-json\/wp\/v2\/product_brand?post=33122"},{"taxonomy":"product_cat","embeddable":true,"href":"https:\/\/diaaz.ba\/sl\/wp-json\/wp\/v2\/product_cat?post=33122"},{"taxonomy":"product_tag","embeddable":true,"href":"https:\/\/diaaz.ba\/sl\/wp-json\/wp\/v2\/product_tag?post=33122"}],"curies":[{"name":"wp","href":"https:\/\/api.w.org\/{rel}","templated":true}]}}