{"id":33114,"date":"2025-01-22T12:34:13","date_gmt":"2025-01-22T12:34:13","guid":{"rendered":"https:\/\/diaaz.ba\/shop\/kruss\/"},"modified":"2025-03-06T13:21:21","modified_gmt":"2025-03-06T13:21:21","slug":"kruss","status":"publish","type":"product","link":"https:\/\/diaaz.ba\/sl\/shop\/kruss\/","title":{"rendered":"Kruss"},"content":{"rendered":"<p>Ro\u010dno izdelana miza iz masivnega lesa, hru\u0161ka, naravni dizajn izvorno iz drevesa. Vse mize izdelujemo ro\u010dno iz masivnega lesa. Trudimo se, da deske lesa pripravimo za izdelavo kon\u010dnega izdelka z izbiro kosov, ki so predvsem dobro posu\u0161eni. Nato izberemo najlep\u0161e kose drevesa, ki tvorijo \u010disti les naravnega dizajna. Deske obdelamo z nego letnic in naravne teksture lesa, z namenom, da izpostavimo prav te najlep\u0161e dele drevesa. Tak\u0161en pristop, skupaj z ro\u010dno obdelavo, naredi na\u0161e mize edinstvene in posebne. Mize ne barvamo, ampak kot kon\u010dni sloj uporabljamo samo olje Rubio. \u010cista narava \u2013 to je cilj na\u0161ega ro\u010dnega dela. Pohi\u0161tvo iz naravnega lesa z originalnim dizajnom je vedno odli\u010dna ideja za ureditev prostora. Mize iz masivnega lesa in epoksidne smole so kompozicija, v kateri so usklajeno prepletene kreacije narave in \u010dloveka. Edinstven lesen vzorec, v kombinaciji z obarvano ali prozorno smolo, do \u017eeljenega videza poliran izklju\u010dno z roko. Na kosih lesa, ki jih imamo na voljo pred samo izdelavo mize, sledimo naravnim linijam lesa in dodamo le nujno \u2013 teko\u010de steklo (epoxy smolo), da zapolnimo in pove\u017eemo naravne razpoke. O\u017eivljamo stare gozdne drevesa, jih vna\u0161amo v va\u0161e domove in podalj\u0161ujemo njihovo \u017eivljenjsko dobo. \u010ce ta model trenutno ni na voljo, je za izdelavo novega modela potrebnih 25 delovnih dni. Ko skupaj z vami dolo\u010dimo, kak\u0161no mizo \u017eelite, na podlagi va\u0161ih zahtev poi\u0161\u010demo razpolo\u017eljive deske lesa v su\u0161ilnicah. Nato za\u010dnemo z izdelavo in ro\u010dno obdelavo vse do kon\u010dnega videza. Med samo izdelavo prakticiramo, da po\u0161iljamo fotografije tako samega materiala kot tudi posameznih faz obdelave. Vsaka miza, ki jo vidite, je edinstvena in ni rezultat serijske proizvodnje, zato kot taka prina\u0161a edinstven dizajn v va\u0161 prostor. Prav to predstavlja trajno vrednost, ki jo dobite z nakupom na\u0161ih miz. Ni mogo\u010de izdelati identi\u010dne mize, saj je vsaka plo\u0161\u010da mize narejena iz edinstvenega kosa lesa naravnega dizajna.<\/p>\n","protected":false},"excerpt":{"rendered":"<ul>\n<li>Miza iz masivnega lesa<\/li>\n<li>Hru\u0161ka<\/li>\n<li>Ro\u010dno izdelano<\/li>\n<li>Naravni dizajn izvorno iz drevesa<\/li>\n<\/ul>\n","protected":false},"featured_media":33115,"comment_status":"open","ping_status":"closed","template":"","meta":{"_acf_changed":false,"inline_featured_image":false},"product_brand":[],"product_cat":[96,97,89],"product_tag":[101],"class_list":{"0":"post-33114","1":"product","2":"type-product","3":"status-publish","4":"has-post-thumbnail","6":"product_cat-klub-sl","7":"product_cat-puno-drvo-sl","8":"product_cat-svi-stolovi-sl","9":"product_tag-kruska-sl","11":"first","12":"instock","13":"shipping-taxable","14":"purchasable","15":"product-type-simple"},"acf":[],"_links":{"self":[{"href":"https:\/\/diaaz.ba\/sl\/wp-json\/wp\/v2\/product\/33114","targetHints":{"allow":["GET"]}}],"collection":[{"href":"https:\/\/diaaz.ba\/sl\/wp-json\/wp\/v2\/product"}],"about":[{"href":"https:\/\/diaaz.ba\/sl\/wp-json\/wp\/v2\/types\/product"}],"replies":[{"embeddable":true,"href":"https:\/\/diaaz.ba\/sl\/wp-json\/wp\/v2\/comments?post=33114"}],"wp:featuredmedia":[{"embeddable":true,"href":"https:\/\/diaaz.ba\/sl\/wp-json\/wp\/v2\/media\/33115"}],"wp:attachment":[{"href":"https:\/\/diaaz.ba\/sl\/wp-json\/wp\/v2\/media?parent=33114"}],"wp:term":[{"taxonomy":"product_brand","embeddable":true,"href":"https:\/\/diaaz.ba\/sl\/wp-json\/wp\/v2\/product_brand?post=33114"},{"taxonomy":"product_cat","embeddable":true,"href":"https:\/\/diaaz.ba\/sl\/wp-json\/wp\/v2\/product_cat?post=33114"},{"taxonomy":"product_tag","embeddable":true,"href":"https:\/\/diaaz.ba\/sl\/wp-json\/wp\/v2\/product_tag?post=33114"}],"curies":[{"name":"wp","href":"https:\/\/api.w.org\/{rel}","templated":true}]}}