{"id":32384,"date":"2024-12-25T13:22:27","date_gmt":"2024-12-25T13:22:27","guid":{"rendered":"https:\/\/diaaz.ba\/shop\/zorra-z\/"},"modified":"2025-03-06T13:21:22","modified_gmt":"2025-03-06T13:21:22","slug":"zorra-z","status":"publish","type":"product","link":"https:\/\/diaaz.ba\/sl\/shop\/zorra-z\/","title":{"rendered":"Zorra Z"},"content":{"rendered":"<p>Miza iz masivnega lesa, hrast, ro\u010dno izdelana s \u010drno epoksi smolo, izvirno iz drevesa.<br \/>\n Vse mize so izdelane ro\u010dno iz masivnega lesa. Lesne plo\u0161\u010de posku\u0161amo pripraviti za izdelavo kon\u010dnega izdelka tako, da izberemo kose, ki so najprej ustrezno posu\u0161eni. Nato izberemo najlep\u0161e kose lesa, ki tvorijo \u010disti les z naravnim dizajnom. Deske obdelujemo ob upo\u0161tevanju starosti in naravne teksture lesa, z namenom, da poudarimo najlep\u0161e dele drevesa. Tak pristop, skupaj z ro\u010dnim delom, naredi na\u0161e mize edinstvene in posebne. Miz ne barvamo, ampak uporabljamo samo Rubio olje kot zaklju\u010dni sloj.<br \/>\n \u010cista narava \u2013 to je cilj na\u0161ega ro\u010dnega dela.<br \/>\n Pohi\u0161tvo iz naravnega lesa z izvirnim dizajnom je vedno odli\u010dna ideja za okrasitev prostora. Mize iz masivnega lesa in epoksi smole so kompozicija, v kateri se harmoni\u010dno prepletajo stvaritve narave in \u010dloveka. Unikaten leseni vzorec, kombiniran z barvno ali prozorno smolo, je izklju\u010dno s \u010dlove\u0161kimi rokami poliran do \u017eelenega videza.<br \/>\n Na kosih lesa, ki jih imamo pred samo izdelavo mize, sledimo naravnim linijam lesa in dodamo le tisto, kar je nujno &#8211; teko\u010de steklo (epoksidna smola), da zapolnimo in pove\u017eemo naravne razpoke. Stara gozdna drevesa o\u017eivimo, jih prenesemo v va\u0161e domove in jim podalj\u0161amo \u017eivljenjsko dobo.<br \/>\n \u010ce tega modela trenutno ni na zalogi, bo izdelava novega modela trajala 35 delovnih dni. Ko skupaj z vami ugotovimo, kaj \u017eelite, na podlagi va\u0161ega povpra\u0161evanja poi\u0161\u010demo razpolo\u017eljive lesene plo\u0161\u010de v su\u0161ilnicah. Nato za\u010dnemo z izdelavo in ro\u010dno obdelavo do kon\u010dnega izgleda. Med samo izdelavo izvajamo po\u0161iljanje fotografij tako samega materiala kot posameznih faz obdelave.<br \/>\n Vsaka miza, ki jo vidite, je unikatna in ni plod serijske proizvodnje ter kot taka zagotavlja unikaten dizajn v va\u0161em prostoru. Prav to predstavlja trajno vrednost, ki jo pridobite z nakupom na\u0161ih miz.<br \/>\n Enake mize ni mogo\u010de izdelati, saj je vsaka mizna plo\u0161\u010da izdelana iz unikatnega kosa lesa z naravnim dizajnom.<\/p>\n","protected":false},"excerpt":{"rendered":"<ul>\n<li>miza iz masivnega lesa;<\/li>\n<li>hrast;<\/li>\n<li>ro\u010dno izdelan s \u010drno epoksi smolo;<\/li>\n<li>naravni dizajn, izvirno iz drevesa<\/li>\n<\/ul>\n","protected":false},"featured_media":32383,"comment_status":"open","ping_status":"closed","template":"","meta":{"_acf_changed":false,"inline_featured_image":false},"product_brand":[],"product_cat":[90,89,91],"product_tag":[92],"class_list":{"0":"post-32384","1":"product","2":"type-product","3":"status-publish","4":"has-post-thumbnail","6":"product_cat-epoxy-trpezarijski-sl","7":"product_cat-svi-stolovi-sl","8":"product_cat-trpezarijski-sl","9":"product_tag-hrast-sl","11":"first","12":"onbackorder","13":"shipping-taxable","14":"purchasable","15":"product-type-simple"},"acf":[],"_links":{"self":[{"href":"https:\/\/diaaz.ba\/sl\/wp-json\/wp\/v2\/product\/32384","targetHints":{"allow":["GET"]}}],"collection":[{"href":"https:\/\/diaaz.ba\/sl\/wp-json\/wp\/v2\/product"}],"about":[{"href":"https:\/\/diaaz.ba\/sl\/wp-json\/wp\/v2\/types\/product"}],"replies":[{"embeddable":true,"href":"https:\/\/diaaz.ba\/sl\/wp-json\/wp\/v2\/comments?post=32384"}],"wp:featuredmedia":[{"embeddable":true,"href":"https:\/\/diaaz.ba\/sl\/wp-json\/wp\/v2\/media\/32383"}],"wp:attachment":[{"href":"https:\/\/diaaz.ba\/sl\/wp-json\/wp\/v2\/media?parent=32384"}],"wp:term":[{"taxonomy":"product_brand","embeddable":true,"href":"https:\/\/diaaz.ba\/sl\/wp-json\/wp\/v2\/product_brand?post=32384"},{"taxonomy":"product_cat","embeddable":true,"href":"https:\/\/diaaz.ba\/sl\/wp-json\/wp\/v2\/product_cat?post=32384"},{"taxonomy":"product_tag","embeddable":true,"href":"https:\/\/diaaz.ba\/sl\/wp-json\/wp\/v2\/product_tag?post=32384"}],"curies":[{"name":"wp","href":"https:\/\/api.w.org\/{rel}","templated":true}]}}