{"id":34015,"date":"2023-11-09T12:39:55","date_gmt":"2023-11-09T12:39:55","guid":{"rendered":"https:\/\/diaaz.ba\/ustvarite-svojo-lastno-mizo-po-svojih-zeljah-in-merah\/"},"modified":"2025-03-04T14:39:46","modified_gmt":"2025-03-04T14:39:46","slug":"ustvarite-svojo-lastno-mizo-po-svojih-zeljah-in-merah","status":"publish","type":"page","link":"https:\/\/diaaz.ba\/sl\/ustvarite-svojo-lastno-mizo-po-svojih-zeljah-in-merah\/","title":{"rendered":"Ustvarite svojo lastno mizo po svojih \u017eeljah in merah."},"content":{"rendered":"\n<h4 class=\"wp-block-heading\">Nudimo vam mo\u017enost spletne konfiguracije vseh podrobnosti mize, kar vam omogo\u010da, da ustvarite mizo<br\/>po svojih \u017eeljah.<\/h4>\n\n<p>Na podlagi va\u0161e izbire vam bomo pripravili podrobno <strong>ponudbo<\/strong>.<\/p>\n","protected":false},"excerpt":{"rendered":"<p>Nudimo vam mo\u017enost spletne konfiguracije vseh podrobnosti mize, kar vam omogo\u010da, da ustvarite mizopo svojih \u017eeljah. Na podlagi va\u0161e izbire<\/p>\n","protected":false},"author":1,"featured_media":0,"parent":0,"menu_order":0,"comment_status":"closed","ping_status":"closed","template":"konfigurator.php","meta":{"_acf_changed":false,"inline_featured_image":false,"footnotes":""},"class_list":["post-34015","page","type-page","status-publish","hentry"],"acf":[],"_links":{"self":[{"href":"https:\/\/diaaz.ba\/sl\/wp-json\/wp\/v2\/pages\/34015","targetHints":{"allow":["GET"]}}],"collection":[{"href":"https:\/\/diaaz.ba\/sl\/wp-json\/wp\/v2\/pages"}],"about":[{"href":"https:\/\/diaaz.ba\/sl\/wp-json\/wp\/v2\/types\/page"}],"author":[{"embeddable":true,"href":"https:\/\/diaaz.ba\/sl\/wp-json\/wp\/v2\/users\/1"}],"replies":[{"embeddable":true,"href":"https:\/\/diaaz.ba\/sl\/wp-json\/wp\/v2\/comments?post=34015"}],"version-history":[{"count":1,"href":"https:\/\/diaaz.ba\/sl\/wp-json\/wp\/v2\/pages\/34015\/revisions"}],"predecessor-version":[{"id":34016,"href":"https:\/\/diaaz.ba\/sl\/wp-json\/wp\/v2\/pages\/34015\/revisions\/34016"}],"wp:attachment":[{"href":"https:\/\/diaaz.ba\/sl\/wp-json\/wp\/v2\/media?parent=34015"}],"curies":[{"name":"wp","href":"https:\/\/api.w.org\/{rel}","templated":true}]}}