{"id":33093,"date":"2023-11-07T13:48:07","date_gmt":"2023-11-07T13:48:07","guid":{"rendered":"https:\/\/diaaz.ba\/kontakt\/"},"modified":"2025-02-13T09:42:11","modified_gmt":"2025-02-13T09:42:11","slug":"kontakt","status":"publish","type":"page","link":"https:\/\/diaaz.ba\/sl\/kontakt\/","title":{"rendered":"Kontakt"},"content":{"rendered":"\t\t<div data-elementor-type=\"wp-page\" data-elementor-id=\"33093\" class=\"elementor elementor-33093 elementor-74\" data-elementor-post-type=\"page\">\n\t\t\t\t\t\t<section class=\"elementor-section elementor-top-section elementor-element elementor-element-a6615c0 elementor-section-boxed elementor-section-height-default elementor-section-height-default wd-section-disabled\" data-id=\"a6615c0\" data-element_type=\"section\">\n\t\t\t\t\t\t<div class=\"elementor-container elementor-column-gap-default\">\n\t\t\t\t\t<div class=\"elementor-column elementor-col-100 elementor-top-column elementor-element elementor-element-109d046\" data-id=\"109d046\" data-element_type=\"column\">\n\t\t\t<div class=\"elementor-widget-wrap elementor-element-populated\">\n\t\t\t\t\t\t<div class=\"elementor-element elementor-element-abc4363 elementor-widget elementor-widget-heading\" data-id=\"abc4363\" data-element_type=\"widget\" data-widget_type=\"heading.default\">\n\t\t\t\t<div class=\"elementor-widget-container\">\n\t\t\t\t\t<span class=\"elementor-heading-title elementor-size-default\">Diaaz<\/span>\t\t\t\t<\/div>\n\t\t\t\t<\/div>\n\t\t\t\t<div class=\"elementor-element elementor-element-4b66d7e elementor-widget elementor-widget-heading\" data-id=\"4b66d7e\" data-element_type=\"widget\" data-widget_type=\"heading.default\">\n\t\t\t\t<div class=\"elementor-widget-container\">\n\t\t\t\t\t<h1 class=\"elementor-heading-title elementor-size-default\">Kontakt<\/h1>\t\t\t\t<\/div>\n\t\t\t\t<\/div>\n\t\t\t\t<section class=\"elementor-section elementor-inner-section elementor-element elementor-element-0180dc6 elementor-section-full_width elementor-section-height-default elementor-section-height-default wd-section-disabled\" data-id=\"0180dc6\" data-element_type=\"section\">\n\t\t\t\t\t\t<div class=\"elementor-container elementor-column-gap-no\">\n\t\t\t\t\t<div class=\"elementor-column elementor-col-50 elementor-inner-column elementor-element elementor-element-22173fd\" data-id=\"22173fd\" data-element_type=\"column\">\n\t\t\t<div class=\"elementor-widget-wrap elementor-element-populated\">\n\t\t\t\t\t\t<div class=\"elementor-element elementor-element-2f863e8 elementor-position-left elementor-vertical-align-middle elementor-widget elementor-widget-image-box\" data-id=\"2f863e8\" data-element_type=\"widget\" data-widget_type=\"image-box.default\">\n\t\t\t\t<div class=\"elementor-widget-container\">\n\t\t\t\t\t<div class=\"elementor-image-box-wrapper\"><figure class=\"elementor-image-box-img\"><a href=\"https:\/\/www.google.com\/maps\/place\/Komel\/@43.9025554,18.359946,17z\/data=!3m1!4b1!4m6!3m5!1s0x4758c8cff0dbdda9:0x94e0a13607862ca1!8m2!3d43.9025516!4d18.3625209!16s%2Fg%2F1jkw8htf_?entry=ttu\" tabindex=\"-1\" target=\"_blank\" rel=\"noopener\"><img decoding=\"async\" width=\"60\" height=\"60\" data-src=\"https:\/\/diaaz.ba\/wp-content\/uploads\/2023\/11\/location_orange.svg\" class=\"attachment-full size-full wp-image-80 lazyload\" alt=\"\" src=\"data:image\/svg+xml;base64,PHN2ZyB3aWR0aD0iMSIgaGVpZ2h0PSIxIiB4bWxucz0iaHR0cDovL3d3dy53My5vcmcvMjAwMC9zdmciPjwvc3ZnPg==\" style=\"--smush-placeholder-width: 60px; --smush-placeholder-aspect-ratio: 60\/60;\" \/><\/a><\/figure><div class=\"elementor-image-box-content\"><h3 class=\"elementor-image-box-title\"><a href=\"https:\/\/www.google.com\/maps\/place\/Komel\/@43.9025554,18.359946,17z\/data=!3m1!4b1!4m6!3m5!1s0x4758c8cff0dbdda9:0x94e0a13607862ca1!8m2!3d43.9025516!4d18.3625209!16s%2Fg%2F1jkw8htf_?entry=ttu\" target=\"_blank\" rel=\"noopener\">Igmanska bb<\/a><\/h3><p class=\"elementor-image-box-description\">Vogo\u0161\u0107a 71320<\/p><\/div><\/div>\t\t\t\t<\/div>\n\t\t\t\t<\/div>\n\t\t\t\t<div class=\"elementor-element elementor-element-aa6b772 elementor-position-left elementor-vertical-align-middle elementor-widget elementor-widget-image-box\" data-id=\"aa6b772\" data-element_type=\"widget\" data-widget_type=\"image-box.default\">\n\t\t\t\t<div class=\"elementor-widget-container\">\n\t\t\t\t\t<div class=\"elementor-image-box-wrapper\"><figure class=\"elementor-image-box-img\"><a href=\"\" tabindex=\"-1\"><img decoding=\"async\" width=\"60\" height=\"60\" data-src=\"https:\/\/diaaz.ba\/wp-content\/uploads\/2023\/11\/mail_orange.svg\" class=\"attachment-full size-full wp-image-81 lazyload\" alt=\"\" src=\"data:image\/svg+xml;base64,PHN2ZyB3aWR0aD0iMSIgaGVpZ2h0PSIxIiB4bWxucz0iaHR0cDovL3d3dy53My5vcmcvMjAwMC9zdmciPjwvc3ZnPg==\" style=\"--smush-placeholder-width: 60px; --smush-placeholder-aspect-ratio: 60\/60;\" \/><\/a><\/figure><div class=\"elementor-image-box-content\"><h3 class=\"elementor-image-box-title\"><a href=\"\">Pi\u0161ite nam<\/a><\/h3><p class=\"elementor-image-box-description\">info@diaaz.ba<\/p><\/div><\/div>\t\t\t\t<\/div>\n\t\t\t\t<\/div>\n\t\t\t\t<div class=\"elementor-element elementor-element-5621bfb elementor-position-left elementor-vertical-align-middle android-wrapper elementor-widget elementor-widget-image-box\" data-id=\"5621bfb\" data-element_type=\"widget\" data-widget_type=\"image-box.default\">\n\t\t\t\t<div class=\"elementor-widget-container\">\n\t\t\t\t\t<div class=\"elementor-image-box-wrapper\"><figure class=\"elementor-image-box-img\"><a href=\"viber:\/\/chat?number=38762718000\" tabindex=\"-1\"><img fetchpriority=\"high\" decoding=\"async\" width=\"800\" height=\"800\" src=\"https:\/\/diaaz.ba\/wp-content\/uploads\/2023\/12\/viber-svgrepo-com-1.png\" class=\"attachment-full size-full wp-image-23278\" alt=\"\" srcset=\"https:\/\/diaaz.ba\/wp-content\/uploads\/2023\/12\/viber-svgrepo-com-1.png 800w, https:\/\/diaaz.ba\/wp-content\/uploads\/2023\/12\/viber-svgrepo-com-1-300x300.png 300w, https:\/\/diaaz.ba\/wp-content\/uploads\/2023\/12\/viber-svgrepo-com-1-150x150.png 150w, https:\/\/diaaz.ba\/wp-content\/uploads\/2023\/12\/viber-svgrepo-com-1-768x768.png 768w, https:\/\/diaaz.ba\/wp-content\/uploads\/2023\/12\/viber-svgrepo-com-1-600x600.png 600w\" sizes=\"(max-width: 800px) 100vw, 800px\" \/><\/a><\/figure><div class=\"elementor-image-box-content\"><h3 class=\"elementor-image-box-title\"><a href=\"viber:\/\/chat?number=38762718000\">Viber<\/a><\/h3><p class=\"elementor-image-box-description\">+387 62 718 000<\/p><\/div><\/div>\t\t\t\t<\/div>\n\t\t\t\t<\/div>\n\t\t\t\t<div class=\"elementor-element elementor-element-cc06c07 elementor-position-left elementor-vertical-align-middle ios-wrapper elementor-widget elementor-widget-image-box\" data-id=\"cc06c07\" data-element_type=\"widget\" data-widget_type=\"image-box.default\">\n\t\t\t\t<div class=\"elementor-widget-container\">\n\t\t\t\t\t<div class=\"elementor-image-box-wrapper\"><figure class=\"elementor-image-box-img\"><a href=\"viber:\/\/kontakt?\u0161tevilka=0038762718000\" tabindex=\"-1\"><img fetchpriority=\"high\" decoding=\"async\" width=\"800\" height=\"800\" src=\"https:\/\/diaaz.ba\/wp-content\/uploads\/2023\/12\/viber-svgrepo-com-1.png\" class=\"attachment-full size-full wp-image-23278\" alt=\"\" srcset=\"https:\/\/diaaz.ba\/wp-content\/uploads\/2023\/12\/viber-svgrepo-com-1.png 800w, https:\/\/diaaz.ba\/wp-content\/uploads\/2023\/12\/viber-svgrepo-com-1-300x300.png 300w, https:\/\/diaaz.ba\/wp-content\/uploads\/2023\/12\/viber-svgrepo-com-1-150x150.png 150w, https:\/\/diaaz.ba\/wp-content\/uploads\/2023\/12\/viber-svgrepo-com-1-768x768.png 768w, https:\/\/diaaz.ba\/wp-content\/uploads\/2023\/12\/viber-svgrepo-com-1-600x600.png 600w\" sizes=\"(max-width: 800px) 100vw, 800px\" \/><\/a><\/figure><div class=\"elementor-image-box-content\"><h3 class=\"elementor-image-box-title\"><a href=\"viber:\/\/kontakt?\u0161tevilka=0038762718000\">Viber<\/a><\/h3><p class=\"elementor-image-box-description\">+387 62 718 000<\/p><\/div><\/div>\t\t\t\t<\/div>\n\t\t\t\t<\/div>\n\t\t\t\t<div class=\"elementor-element elementor-element-70a7e3e elementor-position-left elementor-vertical-align-middle elementor-widget elementor-widget-image-box\" data-id=\"70a7e3e\" data-element_type=\"widget\" data-widget_type=\"image-box.default\">\n\t\t\t\t<div class=\"elementor-widget-container\">\n\t\t\t\t\t<div class=\"elementor-image-box-wrapper\"><figure class=\"elementor-image-box-img\"><a href=\"https:\/\/api.whatsapp.com\/send?phone=38762718000\" tabindex=\"-1\" target=\"_blank\" rel=\"noopener\"><img decoding=\"async\" width=\"800\" height=\"800\" data-src=\"https:\/\/diaaz.ba\/wp-content\/uploads\/2023\/12\/whatsapp-svgrepo-com-1-1.png\" class=\"attachment-full size-full wp-image-23280 lazyload\" alt=\"\" data-srcset=\"https:\/\/diaaz.ba\/wp-content\/uploads\/2023\/12\/whatsapp-svgrepo-com-1-1.png 800w, https:\/\/diaaz.ba\/wp-content\/uploads\/2023\/12\/whatsapp-svgrepo-com-1-1-300x300.png 300w, https:\/\/diaaz.ba\/wp-content\/uploads\/2023\/12\/whatsapp-svgrepo-com-1-1-150x150.png 150w, https:\/\/diaaz.ba\/wp-content\/uploads\/2023\/12\/whatsapp-svgrepo-com-1-1-768x768.png 768w, https:\/\/diaaz.ba\/wp-content\/uploads\/2023\/12\/whatsapp-svgrepo-com-1-1-600x600.png 600w\" data-sizes=\"(max-width: 800px) 100vw, 800px\" src=\"data:image\/svg+xml;base64,PHN2ZyB3aWR0aD0iMSIgaGVpZ2h0PSIxIiB4bWxucz0iaHR0cDovL3d3dy53My5vcmcvMjAwMC9zdmciPjwvc3ZnPg==\" style=\"--smush-placeholder-width: 800px; --smush-placeholder-aspect-ratio: 800\/800;\" \/><\/a><\/figure><div class=\"elementor-image-box-content\"><h3 class=\"elementor-image-box-title\"><a href=\"https:\/\/api.whatsapp.com\/send?phone=38762718000\" target=\"_blank\" rel=\"noopener\">WhatsApp<\/a><\/h3><p class=\"elementor-image-box-description\">+387 62 718 000<\/p><\/div><\/div>\t\t\t\t<\/div>\n\t\t\t\t<\/div>\n\t\t\t\t<div class=\"elementor-element elementor-element-ab6e22d elementor-widget elementor-widget-html\" data-id=\"ab6e22d\" data-element_type=\"widget\" data-widget_type=\"html.default\">\n\t\t\t\t<div class=\"elementor-widget-container\">\n\t\t\t\t\t<script>if (\/iPhone|Mac\/i.test(navigator.userAgent)) {\n        document.body.classList.add('iphone-mac');\n    }\n    if (!\/iPhone|Mac\/i.test(navigator.userAgent)) {\n        document.body.classList.add('not-iphone-mac');\n    }\n<\/script>\t\t\t\t<\/div>\n\t\t\t\t<\/div>\n\t\t\t\t\t<\/div>\n\t\t<\/div>\n\t\t\t\t<div class=\"elementor-column elementor-col-50 elementor-inner-column elementor-element elementor-element-8ee8e0a\" data-id=\"8ee8e0a\" data-element_type=\"column\">\n\t\t\t<div class=\"elementor-widget-wrap elementor-element-populated\">\n\t\t\t\t\t\t<div class=\"elementor-element elementor-element-ddff5da color-scheme-inherit text-left elementor-widget elementor-widget-text-editor\" data-id=\"ddff5da\" data-element_type=\"widget\" data-widget_type=\"text-editor.default\">\n\t\t\t\t<div class=\"elementor-widget-container\">\n\t\t\t\t\t\t\t\t\t<p>\u010ce imate kakr\u0161na koli vpra\u0161anja, potrebujete ve\u010d informacij ali \u017eelite naro\u010diti prek na\u0161ega svetovalca, nas kontaktirajte. Z veseljem vam bomo pomagali! Za vsa dodatna vpra\u0161anja ali posebne zahteve nam pi\u0161ite.  <\/p>\n\t\t\t\t\t\t\t\t<\/div>\n\t\t\t\t<\/div>\n\t\t\t\t<div class=\"elementor-element elementor-element-6487ff7 elementor-widget elementor-widget-wd_contact_form_7\" data-id=\"6487ff7\" data-element_type=\"widget\" data-widget_type=\"wd_contact_form_7.default\">\n\t\t\t\t<div class=\"elementor-widget-container\">\n\t\t\t\t\t\n<div class=\"wpcf7 no-js\" id=\"wpcf7-f34035-o1\" lang=\"sl-SI\" dir=\"ltr\" data-wpcf7-id=\"34035\">\n<div class=\"screen-reader-response\"><p role=\"status\" aria-live=\"polite\" aria-atomic=\"true\"><\/p> <ul><\/ul><\/div>\n<form action=\"\/sl\/wp-json\/wp\/v2\/pages\/33093#wpcf7-f34035-o1\" method=\"post\" class=\"wpcf7-form init\" aria-label=\"Contact form\" novalidate=\"novalidate\" data-status=\"init\">\n<fieldset class=\"hidden-fields-container\"><input type=\"hidden\" name=\"_wpcf7\" value=\"34035\" \/><input type=\"hidden\" name=\"_wpcf7_version\" value=\"6.1.1\" \/><input type=\"hidden\" name=\"_wpcf7_locale\" value=\"sl_SI\" \/><input type=\"hidden\" name=\"_wpcf7_unit_tag\" value=\"wpcf7-f34035-o1\" \/><input type=\"hidden\" name=\"_wpcf7_container_post\" value=\"0\" \/><input type=\"hidden\" name=\"_wpcf7_posted_data_hash\" value=\"\" \/><input type=\"hidden\" name=\"_wpcf7_recaptcha_response\" value=\"\" \/>\n<\/fieldset>\n<div class=\"form-style-1\">\n\t<div class=\"columns_wrap\">\n\t\t<div class=\"column-1_2\">\n\t\t\t<p><span class=\"wpcf7-form-control-wrap\" data-name=\"ime\"><input size=\"40\" maxlength=\"400\" class=\"wpcf7-form-control wpcf7-text wpcf7-validates-as-required\" aria-required=\"true\" aria-invalid=\"false\" placeholder=\"Ime\" value=\"\" type=\"text\" name=\"ime\" \/><\/span>\n\t\t\t<\/p>\n\t\t<\/div>\n\t\t<div class=\"column-1_2\">\n\t\t\t<p><span class=\"wpcf7-form-control-wrap\" data-name=\"email\"><input size=\"40\" maxlength=\"400\" class=\"wpcf7-form-control wpcf7-email wpcf7-validates-as-required wpcf7-text wpcf7-validates-as-email\" aria-required=\"true\" aria-invalid=\"false\" placeholder=\"E-po\u0161ta\" value=\"\" type=\"email\" name=\"email\" \/><\/span>\n\t\t\t<\/p>\n\t\t<\/div>\n\t<\/div>\n\t<div class=\"columns_wrap-last\">\n\t\t<div class=\"column-1_2\">\n\t\t\t<p><span class=\"wpcf7-form-control-wrap\" data-name=\"telefon\"><input size=\"40\" maxlength=\"400\" class=\"wpcf7-form-control wpcf7-tel wpcf7-validates-as-required wpcf7-text wpcf7-validates-as-tel\" aria-required=\"true\" aria-invalid=\"false\" placeholder=\"Telefonska \u0161tevilka\" value=\"\" type=\"tel\" name=\"telefon\" \/><\/span>\n\t\t\t<\/p>\n\t\t<\/div>\n\t\t<div class=\"column-1_2\">\n\t\t\t<p><span class=\"wpcf7-form-control-wrap\" data-name=\"napomena\"><textarea cols=\"40\" rows=\"10\" maxlength=\"2000\" class=\"wpcf7-form-control wpcf7-textarea\" aria-invalid=\"false\" placeholder=\"Kako vam lahko pomagamo? Kontaktirajte nas!\" name=\"napomena\"><\/textarea><\/span>\n\t\t\t<\/p>\n\t\t<\/div>\n\t<\/div>\n\t<div class=\"columns_wrap-button\">\n\t\t<p><input class=\"wpcf7-form-control wpcf7-submit has-spinner\" type=\"submit\" value=\"Po\u0161lji povpra\u0161evanje\" \/><span class=\"wpcf7-form-control-wrap\" data-name=\"acceptance\"><span class=\"wpcf7-form-control wpcf7-acceptance\"><span class=\"wpcf7-list-item\"><label><input type=\"checkbox\" name=\"acceptance\" value=\"1\" aria-invalid=\"false\" \/><span class=\"wpcf7-list-item-label\">Strinjam se, da se moji podatki <a href=\"\/privacy-policy\/\">zbirajo in hranijo<\/a> .<\/span><\/label><\/span><\/span><\/span>\n\t\t<\/p>\n\t<\/div>\n<\/div><div class=\"wpcf7-response-output\" aria-hidden=\"true\"><\/div>\n<\/form>\n<\/div>\n\t\t\t\t<\/div>\n\t\t\t\t<\/div>\n\t\t\t\t\t<\/div>\n\t\t<\/div>\n\t\t\t\t\t<\/div>\n\t\t<\/section>\n\t\t\t\t\t<\/div>\n\t\t<\/div>\n\t\t\t\t\t<\/div>\n\t\t<\/section>\n\t\t\t\t<section class=\"elementor-section elementor-top-section elementor-element elementor-element-dd4be53 elementor-section-full_width elementor-section-stretched elementor-section-height-default elementor-section-height-default wd-section-disabled\" data-id=\"dd4be53\" data-element_type=\"section\" data-settings=\"{&quot;stretch_section&quot;:&quot;section-stretched&quot;}\">\n\t\t\t\t\t\t<div class=\"elementor-container elementor-column-gap-no\">\n\t\t\t\t\t<div class=\"elementor-column elementor-col-100 elementor-top-column elementor-element elementor-element-a0a1911\" data-id=\"a0a1911\" data-element_type=\"column\">\n\t\t\t<div class=\"elementor-widget-wrap elementor-element-populated\">\n\t\t\t\t\t\t<div class=\"elementor-element elementor-element-8f41e5c elementor-widget elementor-widget-google_maps\" data-id=\"8f41e5c\" data-element_type=\"widget\" data-widget_type=\"google_maps.default\">\n\t\t\t\t<div class=\"elementor-widget-container\">\n\t\t\t\t\t\t\t<div class=\"elementor-custom-embed\">\n\t\t\t<iframe\n\t\t\t\t\tdata-src=\"https:\/\/maps.google.com\/maps?q=Komel%2C%20Igmanska%20bb&#038;t=m&#038;z=12&#038;output=embed&#038;iwloc=near\"\n\t\t\t\t\ttitle=\"Komel, Igmanska bb\"\n\t\t\t\t\taria-label=\"Komel, Igmanska bb\"\n\t\t\t src=\"data:image\/svg+xml;base64,PHN2ZyB3aWR0aD0iMSIgaGVpZ2h0PSIxIiB4bWxucz0iaHR0cDovL3d3dy53My5vcmcvMjAwMC9zdmciPjwvc3ZnPg==\" class=\"lazyload\" data-load-mode=\"1\"><\/iframe>\n\t\t<\/div>\n\t\t\t\t\t\t<\/div>\n\t\t\t\t<\/div>\n\t\t\t\t\t<\/div>\n\t\t<\/div>\n\t\t\t\t\t<\/div>\n\t\t<\/section>\n\t\t\t\t<\/div>\n\t\t","protected":false},"excerpt":{"rendered":"<p>Diaaz Kontakt Igmanska bb Vogo\u0161\u0107a 71320 Pi\u0161ite nam info@diaaz.ba Viber +387 62 718 000 Viber +387 62 718 000 WhatsApp<\/p>\n","protected":false},"author":1,"featured_media":0,"parent":0,"menu_order":0,"comment_status":"closed","ping_status":"closed","template":"","meta":{"_acf_changed":false,"inline_featured_image":false,"footnotes":""},"class_list":["post-33093","page","type-page","status-publish","hentry"],"acf":[],"_links":{"self":[{"href":"https:\/\/diaaz.ba\/sl\/wp-json\/wp\/v2\/pages\/33093","targetHints":{"allow":["GET"]}}],"collection":[{"href":"https:\/\/diaaz.ba\/sl\/wp-json\/wp\/v2\/pages"}],"about":[{"href":"https:\/\/diaaz.ba\/sl\/wp-json\/wp\/v2\/types\/page"}],"author":[{"embeddable":true,"href":"https:\/\/diaaz.ba\/sl\/wp-json\/wp\/v2\/users\/1"}],"replies":[{"embeddable":true,"href":"https:\/\/diaaz.ba\/sl\/wp-json\/wp\/v2\/comments?post=33093"}],"version-history":[{"count":1,"href":"https:\/\/diaaz.ba\/sl\/wp-json\/wp\/v2\/pages\/33093\/revisions"}],"predecessor-version":[{"id":33094,"href":"https:\/\/diaaz.ba\/sl\/wp-json\/wp\/v2\/pages\/33093\/revisions\/33094"}],"wp:attachment":[{"href":"https:\/\/diaaz.ba\/sl\/wp-json\/wp\/v2\/media?parent=33093"}],"curies":[{"name":"wp","href":"https:\/\/api.w.org\/{rel}","templated":true}]}}