{"id":33080,"date":"2023-12-21T11:17:35","date_gmt":"2023-12-21T11:17:35","guid":{"rendered":"https:\/\/diaaz.ba\/o-nas\/"},"modified":"2025-02-13T09:13:06","modified_gmt":"2025-02-13T09:13:06","slug":"o-nas","status":"publish","type":"page","link":"https:\/\/diaaz.ba\/sl\/o-nas\/","title":{"rendered":"O nas"},"content":{"rendered":"\t\t<div data-elementor-type=\"wp-page\" data-elementor-id=\"33080\" class=\"elementor elementor-33080 elementor-23251\" data-elementor-post-type=\"page\">\n\t\t\t\t\t\t<section class=\"elementor-section elementor-top-section elementor-element elementor-element-a06643c elementor-section-boxed elementor-section-height-default elementor-section-height-default wd-section-disabled\" data-id=\"a06643c\" data-element_type=\"section\">\n\t\t\t\t\t\t<div class=\"elementor-container elementor-column-gap-default\">\n\t\t\t\t\t<div class=\"elementor-column elementor-col-100 elementor-top-column elementor-element elementor-element-1b5dffe\" data-id=\"1b5dffe\" data-element_type=\"column\">\n\t\t\t<div class=\"elementor-widget-wrap elementor-element-populated\">\n\t\t\t\t\t\t<div class=\"elementor-element elementor-element-fb35ec8 elementor-widget elementor-widget-heading\" data-id=\"fb35ec8\" data-element_type=\"widget\" data-widget_type=\"heading.default\">\n\t\t\t\t<div class=\"elementor-widget-container\">\n\t\t\t\t\t<span class=\"elementor-heading-title elementor-size-default\">Diaaz<\/span>\t\t\t\t<\/div>\n\t\t\t\t<\/div>\n\t\t\t\t<div class=\"elementor-element elementor-element-feb0b03 elementor-widget elementor-widget-heading\" data-id=\"feb0b03\" data-element_type=\"widget\" data-widget_type=\"heading.default\">\n\t\t\t\t<div class=\"elementor-widget-container\">\n\t\t\t\t\t<h1 class=\"elementor-heading-title elementor-size-default\">O nas<\/h1>\t\t\t\t<\/div>\n\t\t\t\t<\/div>\n\t\t\t\t<div class=\"elementor-element elementor-element-a50d641 elementor-widget elementor-widget-heading\" data-id=\"a50d641\" data-element_type=\"widget\" data-widget_type=\"heading.default\">\n\t\t\t\t<div class=\"elementor-widget-container\">\n\t\t\t\t\t<h3 class=\"elementor-heading-title elementor-size-default\">Osredoto\u010deni na izdelavo unikatnih miz iz skrbno izbranega lesa\n<\/h3>\t\t\t\t<\/div>\n\t\t\t\t<\/div>\n\t\t\t\t<div class=\"elementor-element elementor-element-8e02332 elementor-widget elementor-widget-wd_text_block\" data-id=\"8e02332\" data-element_type=\"widget\" data-widget_type=\"wd_text_block.default\">\n\t\t\t\t<div class=\"elementor-widget-container\">\n\t\t\t\t\t\t\t<div class=\"wd-text-block reset-last-child text-left color-title\">\n\t\t\t\n\t\t\tNa\u0161e podjetje je posve\u010deno proizvodnji vrhunskih miz iz masivnega lesa in epoxy smole. Na\u0161a strast in predanost izdelavi vrhunskih miz se odra\u017ea v vsakem detajlu na\u0161ih izdelkov.\n\n\n\t\t\t\t\t<\/div>\n\t\t\t\t\t\t<\/div>\n\t\t\t\t<\/div>\n\t\t\t\t<div class=\"elementor-element elementor-element-046e860 elementor-widget elementor-widget-video\" data-id=\"046e860\" data-element_type=\"widget\" data-settings=\"{&quot;youtube_url&quot;:&quot;https:\\\/\\\/www.youtube.com\\\/watch?v=fykt9I4xi7k&quot;,&quot;video_type&quot;:&quot;youtube&quot;,&quot;controls&quot;:&quot;yes&quot;}\" data-widget_type=\"video.default\">\n\t\t\t\t<div class=\"elementor-widget-container\">\n\t\t\t\t\t\t\t<div class=\"elementor-wrapper elementor-open-inline\">\n\t\t\t<div class=\"elementor-video\"><\/div>\t\t<\/div>\n\t\t\t\t\t\t<\/div>\n\t\t\t\t<\/div>\n\t\t\t\t<div class=\"elementor-element elementor-element-b4c2449 elementor-widget elementor-widget-heading\" data-id=\"b4c2449\" data-element_type=\"widget\" data-widget_type=\"heading.default\">\n\t\t\t\t<div class=\"elementor-widget-container\">\n\t\t\t\t\t<h3 class=\"elementor-heading-title elementor-size-default\">Na izvoru ste. Smo neposreden proizvajalec miz, ne trgovci ali posredniki. \n<\/h3>\t\t\t\t<\/div>\n\t\t\t\t<\/div>\n\t\t\t\t<div class=\"elementor-element elementor-element-dee33cd color-scheme-inherit text-left elementor-widget elementor-widget-text-editor\" data-id=\"dee33cd\" data-element_type=\"widget\" data-widget_type=\"text-editor.default\">\n\t\t\t\t<div class=\"elementor-widget-container\">\n\t\t\t\t\t\t\t\t\t<p>Po \u0161tevilnih mizah, ki smo jih izdelali v preteklih letih, iz vseh va\u0161ih \u017eelja in zahtev, imamo zdaj izku\u0161nje, potrebne za izdelavo mize, ki vas bo navdu\u0161ila in ki je ne boste na\u0161li povsod na trgu.Za izdelavo tak\u0161nih miz je potrebna predanost in spretnost pri obdelavi lesa.<\/p>\n<ul>\n<li><strong>Mize iz 100% masivnega lesa.<\/strong> Ne proizvajamo komercialnih miz iz umetnih materialov (furnirjev in podobno), ampak izdelujemo mize iz skrbno izbranih kosov masivnega lesa, ki izvira iz gozdov.<\/li>\n<li><strong>Va\u0161e \u017eelje so na\u0161 osrednji cilj. <\/strong>Predvsem natan\u010dno poslu\u0161amo va\u0161e \u017eelje in komentarje, nato pa na podlagi tega za\u010dnemo iskati in izdelovati mizo, kot ste si jo zamislili.<\/li>\n<\/ul>\n<p>V na\u0161i trgovini imamo razli\u010dne modele, ki so takoj na voljo, in slu\u017eijo kot navdih za va\u0161e \u017eelje.<\/p>\n<ul>\n<li>Masivni les z visoko kakovostno obdelavo <strong>traja &#8220;100 let&#8221;<\/strong>. Verjetno ste \u017ee sli\u0161ali to izjavo, in to je res. Mize, izdelane iz masivnega lesa, z natan\u010dno obdelavo in ro\u010dno izbranimi deskami, kot v na\u0161em primeru, zagotavljajo dokazano dolgo \u017eivljenjsko dobo.<\/li>\n<\/ul>\n<p>Na\u0161e mize se prena\u0161ajo iz generacije v generacijo.<\/p>\n<ul>\n<li><strong>Ro\u010dno izbran les.<\/strong> Ko izvedemo, kak\u0161no mizo \u017eelite, za\u010dnemo iskanje za tem lesom v \u017eagarnah (su\u0161ilnicah lesa). Natan\u010dneje, izbiramo naj\u0161ir\u0161e in najlep\u0161e kose lesa z naravnimi godovi.  Prav izbrani kosi lesa so tisti, ki nenazadnje naredijo na\u0161e mize pristne. Tak\u0161ne mize naredijo prostor edinstven in topel.<\/li>\n<li><strong>Trudimo se, da pridobimo va\u0161o priporo\u010dilo. <\/strong>Trudimo se izdelati tak\u0161no mizo, ki vas bo navdu\u0161ila, mizo, ki bo najlep\u0161i del va\u0161e sobe, ter si tako zaslu\u017eimo va\u0161e priporo\u010dilo.<\/li>\n<\/ul>\n<p>Prav na podlagi priporo\u010dil na\u0161ih strank \u017ee leta gradimo na\u0161o rast.<\/p>\n\t\t\t\t\t\t\t\t<\/div>\n\t\t\t\t<\/div>\n\t\t\t\t<div class=\"elementor-element elementor-element-90e3c18 elementor-widget elementor-widget-heading\" data-id=\"90e3c18\" data-element_type=\"widget\" data-widget_type=\"heading.default\">\n\t\t\t\t<div class=\"elementor-widget-container\">\n\t\t\t\t\t<h3 class=\"elementor-heading-title elementor-size-default\">Zaupanje in va\u0161a varnost pri nakupu\n<\/h3>\t\t\t\t<\/div>\n\t\t\t\t<\/div>\n\t\t\t\t<div class=\"elementor-element elementor-element-ade007f elementor-widget elementor-widget-wd_text_block\" data-id=\"ade007f\" data-element_type=\"widget\" data-widget_type=\"wd_text_block.default\">\n\t\t\t\t<div class=\"elementor-widget-container\">\n\t\t\t\t\t\t\t<div class=\"wd-text-block reset-last-child text-left\">\n\t\t\t\n\t\t\t<p>Zelo nam je pomembno, da pri izbiri in naro\u010dilu mize ne ob\u010dutite nobenih dvomov ali strahov, da boste prejeli mizo, ki je ne \u017eelite, in da boste morali \u0161e vedno pla\u010dati.<\/p><p>Zato smo se odlo\u010dili, da po izdelavi mize preverite, ali je bila izdelana tako, kot smo skupaj dolo\u010dili pri izbiri, nato pa izvedete pla\u010dilo, mi pa organiziramo dostavo na va\u0161 naslov. \u010ce miza ni bila izdelana v skladu z dogovorom ali menite, da nismo izpolnili va\u0161ih zahtev, niste dol\u017eni kupiti mize. Ponosimo se z na\u0161o predanostjo visokemu kakovostnemu standardu izdelave, kar zagotavlja, da bodo na\u0161e mize trajale iz generacije v generacijo. Verjamemo, da na\u0161a odgovornost ni samo ustvariti kakovostne izdelke, temve\u010d tudi zagotoviti izjemno izku\u0161njo na\u0161im strankam.<br>Na\u0161a storitev je pozorna in personalizirana od za\u010detka do dostave mize, na\u0161e strokovno osebje pa je vedno na voljo za odgovore na vsa va\u0161a vpra\u0161anja in nudi podporo.<\/p><p>Za vse mize iz na\u0161e ponudbe dajemo pisno garancijo 2 leti, ki zajema vsa po\u0161kodovanja, ki niso nastala zaradi uporabe.<\/p><p>Nekaj \u200b\u200bkomentarjev na\u0161ih zadovoljnih strank si lahko ogledate na platformi Google Ratings \u2013 kliknite zavihek Ocene: <a href=\"https:\/\/g.co\/kgs\/sCeDYY\">https:\/\/g.co\/kgs\/sCeDYY<\/a><\/p>\n\t\t\t\t\t<\/div>\n\t\t\t\t\t\t<\/div>\n\t\t\t\t<\/div>\n\t\t\t\t<div class=\"elementor-element elementor-element-02a4763 elementor-widget elementor-widget-heading\" data-id=\"02a4763\" data-element_type=\"widget\" data-widget_type=\"heading.default\">\n\t\t\t\t<div class=\"elementor-widget-container\">\n\t\t\t\t\t<h3 class=\"elementor-heading-title elementor-size-default\">Dru\u017einsko podjetje, podedovano od dedka\n<\/h3>\t\t\t\t<\/div>\n\t\t\t\t<\/div>\n\t\t\t\t<div class=\"elementor-element elementor-element-e03d51d elementor-widget elementor-widget-wd_text_block\" data-id=\"e03d51d\" data-element_type=\"widget\" data-widget_type=\"wd_text_block.default\">\n\t\t\t\t<div class=\"elementor-widget-container\">\n\t\t\t\t\t\t\t<div class=\"wd-text-block reset-last-child text-left\">\n\t\t\t\n\t\t\t<p>Ime blagovne znamke DIAAZ izhaja iz imena na\u0161ega dedka, ki je v na\u0161o dru\u017eino vnesel ljubezen in strast do obdelave lesa.<\/p><p>Dedek Dijaz je svoje spretnosti in znanje prenesel na svojega sina Edina, ki danes skupaj s sinovoma Alijem in Denisom nadaljuje tradicijo izdelave natan\u010dno izdelanih miz iz izbranih kosov lesa.<\/p><p>Edin je odgovoren za izbor in nabavo lesa, Ali skrbi za tehnolo\u0161ki postopek in korake dela, Denis pa je odgovoren za podrobno komunikacijo in predstavitev vseh klju\u010dnih podrobnosti.<\/p><p>Za vsa va\u0161a vpra\u0161anja smo vam na voljo na na\u0161i direktni \u0161tevilki <a href=\"telefon: +387 %2062% 20718%20000\">+387 62 718 000<\/a> ali e-po\u0161ti <a href=\"mailto:info@diaaz.ba\">info@diaaz.ba<\/a><\/p>\n\t\t\t\t\t<\/div>\n\t\t\t\t\t\t<\/div>\n\t\t\t\t<\/div>\n\t\t\t\t\t<\/div>\n\t\t<\/div>\n\t\t\t\t\t<\/div>\n\t\t<\/section>\n\t\t\t\t<\/div>\n\t\t","protected":false},"excerpt":{"rendered":"<p>Diaaz O nas Osredoto\u010deni na izdelavo unikatnih miz iz skrbno izbranega lesa Na\u0161e podjetje je posve\u010deno proizvodnji vrhunskih miz iz<\/p>\n","protected":false},"author":1,"featured_media":0,"parent":0,"menu_order":0,"comment_status":"closed","ping_status":"closed","template":"","meta":{"_acf_changed":false,"inline_featured_image":false,"footnotes":""},"class_list":["post-33080","page","type-page","status-publish","hentry"],"acf":[],"_links":{"self":[{"href":"https:\/\/diaaz.ba\/sl\/wp-json\/wp\/v2\/pages\/33080","targetHints":{"allow":["GET"]}}],"collection":[{"href":"https:\/\/diaaz.ba\/sl\/wp-json\/wp\/v2\/pages"}],"about":[{"href":"https:\/\/diaaz.ba\/sl\/wp-json\/wp\/v2\/types\/page"}],"author":[{"embeddable":true,"href":"https:\/\/diaaz.ba\/sl\/wp-json\/wp\/v2\/users\/1"}],"replies":[{"embeddable":true,"href":"https:\/\/diaaz.ba\/sl\/wp-json\/wp\/v2\/comments?post=33080"}],"version-history":[{"count":1,"href":"https:\/\/diaaz.ba\/sl\/wp-json\/wp\/v2\/pages\/33080\/revisions"}],"predecessor-version":[{"id":33081,"href":"https:\/\/diaaz.ba\/sl\/wp-json\/wp\/v2\/pages\/33080\/revisions\/33081"}],"wp:attachment":[{"href":"https:\/\/diaaz.ba\/sl\/wp-json\/wp\/v2\/media?parent=33080"}],"curies":[{"name":"wp","href":"https:\/\/api.w.org\/{rel}","templated":true}]}}