{"id":33076,"date":"2023-11-08T12:29:19","date_gmt":"2023-11-08T12:29:19","guid":{"rendered":"https:\/\/diaaz.ba\/informacije\/"},"modified":"2025-02-13T08:44:06","modified_gmt":"2025-02-13T08:44:06","slug":"informacije","status":"publish","type":"page","link":"https:\/\/diaaz.ba\/sl\/informacije\/","title":{"rendered":"Informacije"},"content":{"rendered":"\t\t<div data-elementor-type=\"wp-page\" data-elementor-id=\"33076\" class=\"elementor elementor-33076 elementor-143\" data-elementor-post-type=\"page\">\n\t\t\t\t\t\t<section class=\"elementor-section elementor-top-section elementor-element elementor-element-636e426 elementor-section-boxed elementor-section-height-default elementor-section-height-default wd-section-disabled\" data-id=\"636e426\" data-element_type=\"section\">\n\t\t\t\t\t\t<div class=\"elementor-container elementor-column-gap-default\">\n\t\t\t\t\t<div class=\"elementor-column elementor-col-100 elementor-top-column elementor-element elementor-element-c2b99c9\" data-id=\"c2b99c9\" data-element_type=\"column\">\n\t\t\t<div class=\"elementor-widget-wrap elementor-element-populated\">\n\t\t\t\t\t\t<div class=\"elementor-element elementor-element-45e6fdc elementor-widget elementor-widget-heading\" data-id=\"45e6fdc\" data-element_type=\"widget\" data-widget_type=\"heading.default\">\n\t\t\t\t<div class=\"elementor-widget-container\">\n\t\t\t\t\t<span class=\"elementor-heading-title elementor-size-default\">Diaaz<\/span>\t\t\t\t<\/div>\n\t\t\t\t<\/div>\n\t\t\t\t<div class=\"elementor-element elementor-element-98ef043 elementor-widget elementor-widget-heading\" data-id=\"98ef043\" data-element_type=\"widget\" data-widget_type=\"heading.default\">\n\t\t\t\t<div class=\"elementor-widget-container\">\n\t\t\t\t\t<h1 class=\"elementor-heading-title elementor-size-default\">Informacije<\/h1>\t\t\t\t<\/div>\n\t\t\t\t<\/div>\n\t\t\t\t<div class=\"elementor-element elementor-element-f1d84f5 elementor-widget elementor-widget-heading\" data-id=\"f1d84f5\" data-element_type=\"widget\" data-widget_type=\"heading.default\">\n\t\t\t\t<div class=\"elementor-widget-container\">\n\t\t\t\t\t<h3 class=\"elementor-heading-title elementor-size-default\">Kako naro\u010diti?<\/h3>\t\t\t\t<\/div>\n\t\t\t\t<\/div>\n\t\t\t\t<div class=\"elementor-element elementor-element-524f013 color-scheme-inherit text-left elementor-widget elementor-widget-text-editor\" data-id=\"524f013\" data-element_type=\"widget\" data-widget_type=\"text-editor.default\">\n\t\t\t\t<div class=\"elementor-widget-container\">\n\t\t\t\t\t\t\t\t\t<p>Izdelke, ki so ozna\u010deni kot na voljo, lahko naro\u010dite takoj, po\u0161iljko po\u0161ljemo \u0161e isti dan. \u010ce model mize, ki ste jo videli na na\u0161i spletni strani, ni takoj na voljo, nam lahko po\u0161ljete povpra\u0161evanje in mi bomo v skladu z va\u0161imi zahtevami natan\u010dno dolo\u010dili, koliko \u010dasa bo potrebnega za izdelavo tega modela. <\/p>\n\t\t\t\t\t\t\t\t<\/div>\n\t\t\t\t<\/div>\n\t\t\t\t<div class=\"elementor-element elementor-element-7dfff4b elementor-widget elementor-widget-image\" data-id=\"7dfff4b\" data-element_type=\"widget\" data-widget_type=\"image.default\">\n\t\t\t\t<div class=\"elementor-widget-container\">\n\t\t\t\t\t\t\t\t\t\t\t\t\t\t\t<img fetchpriority=\"high\" decoding=\"async\" width=\"2560\" height=\"1000\" src=\"https:\/\/diaaz.ba\/wp-content\/uploads\/2023\/11\/Z6D3024-scaled-qclc6r6rxubql8pnqbx89esbz4ul7tpc5ugftqm68g.webp\" class=\"attachment-full size-full wp-image-29907\" alt=\"\" srcset=\"https:\/\/diaaz.ba\/wp-content\/uploads\/2023\/11\/Z6D3024-scaled-qclc6r6rxubql8pnqbx89esbz4ul7tpc5ugftqm68g.webp 2560w, https:\/\/diaaz.ba\/wp-content\/uploads\/2023\/11\/Z6D3024-scaled-qclc6r6rxubql8pnqbx89esbz4ul7tpc5ugftqm68g-300x117.webp 300w, https:\/\/diaaz.ba\/wp-content\/uploads\/2023\/11\/Z6D3024-scaled-qclc6r6rxubql8pnqbx89esbz4ul7tpc5ugftqm68g-1024x400.webp 1024w, https:\/\/diaaz.ba\/wp-content\/uploads\/2023\/11\/Z6D3024-scaled-qclc6r6rxubql8pnqbx89esbz4ul7tpc5ugftqm68g-768x300.webp 768w, https:\/\/diaaz.ba\/wp-content\/uploads\/2023\/11\/Z6D3024-scaled-qclc6r6rxubql8pnqbx89esbz4ul7tpc5ugftqm68g-1536x600.webp 1536w, https:\/\/diaaz.ba\/wp-content\/uploads\/2023\/11\/Z6D3024-scaled-qclc6r6rxubql8pnqbx89esbz4ul7tpc5ugftqm68g-2048x800.webp 2048w, https:\/\/diaaz.ba\/wp-content\/uploads\/2023\/11\/Z6D3024-scaled-qclc6r6rxubql8pnqbx89esbz4ul7tpc5ugftqm68g-600x234.webp 600w, https:\/\/diaaz.ba\/wp-content\/uploads\/2023\/11\/Z6D3024-scaled-qclc6r6rxubql8pnqbx89esbz4ul7tpc5ugftqm68g-150x59.webp 150w\" sizes=\"(max-width: 2560px) 100vw, 2560px\" \/>\t\t\t\t\t\t\t\t\t\t\t\t\t\t\t<\/div>\n\t\t\t\t<\/div>\n\t\t\t\t<div class=\"elementor-element elementor-element-b5d52e4 elementor-widget elementor-widget-heading\" data-id=\"b5d52e4\" data-element_type=\"widget\" data-widget_type=\"heading.default\">\n\t\t\t\t<div class=\"elementor-widget-container\">\n\t\t\t\t\t<h3 class=\"elementor-heading-title elementor-size-default\">Dostava izdelkov<\/h3>\t\t\t\t<\/div>\n\t\t\t\t<\/div>\n\t\t\t\t<div class=\"elementor-element elementor-element-9305381 color-scheme-inherit text-left elementor-widget elementor-widget-text-editor\" data-id=\"9305381\" data-element_type=\"widget\" data-widget_type=\"text-editor.default\">\n\t\t\t\t<div class=\"elementor-widget-container\">\n\t\t\t\t\t\t\t\t\t<p>Dostavo na va\u0161 naslov izvajamo preko kurirskih slu\u017eb. Mize so zapakirane v kartonske \u0161katle in dodatno za\u0161\u010ditene pred morebitnimi po\u0161kodbami med transportom. Ve\u010dje modele miz dodatno za\u0161\u010ditimo z lesenimi konstrukcijami, ki omogo\u010dajo enostavno rokovanje pri nalaganju in raztovarjanju.  <\/p>\n\t\t\t\t\t\t\t\t<\/div>\n\t\t\t\t<\/div>\n\t\t\t\t\t<\/div>\n\t\t<\/div>\n\t\t\t\t\t<\/div>\n\t\t<\/section>\n\t\t\t\t<\/div>\n\t\t","protected":false},"excerpt":{"rendered":"<p>Diaaz Informacije Kako naro\u010diti? Izdelke, ki so ozna\u010deni kot na voljo, lahko naro\u010dite takoj, po\u0161iljko po\u0161ljemo \u0161e isti dan. \u010ce<\/p>\n","protected":false},"author":1,"featured_media":0,"parent":0,"menu_order":0,"comment_status":"closed","ping_status":"closed","template":"","meta":{"_acf_changed":false,"inline_featured_image":false,"footnotes":""},"class_list":["post-33076","page","type-page","status-publish","hentry"],"acf":[],"_links":{"self":[{"href":"https:\/\/diaaz.ba\/sl\/wp-json\/wp\/v2\/pages\/33076","targetHints":{"allow":["GET"]}}],"collection":[{"href":"https:\/\/diaaz.ba\/sl\/wp-json\/wp\/v2\/pages"}],"about":[{"href":"https:\/\/diaaz.ba\/sl\/wp-json\/wp\/v2\/types\/page"}],"author":[{"embeddable":true,"href":"https:\/\/diaaz.ba\/sl\/wp-json\/wp\/v2\/users\/1"}],"replies":[{"embeddable":true,"href":"https:\/\/diaaz.ba\/sl\/wp-json\/wp\/v2\/comments?post=33076"}],"version-history":[{"count":1,"href":"https:\/\/diaaz.ba\/sl\/wp-json\/wp\/v2\/pages\/33076\/revisions"}],"predecessor-version":[{"id":33077,"href":"https:\/\/diaaz.ba\/sl\/wp-json\/wp\/v2\/pages\/33076\/revisions\/33077"}],"wp:attachment":[{"href":"https:\/\/diaaz.ba\/sl\/wp-json\/wp\/v2\/media?parent=33076"}],"curies":[{"name":"wp","href":"https:\/\/api.w.org\/{rel}","templated":true}]}}