{"id":33074,"date":"2023-11-08T10:47:22","date_gmt":"2023-11-08T10:47:22","guid":{"rendered":"https:\/\/diaaz.ba\/trgovina\/"},"modified":"2025-02-13T09:31:03","modified_gmt":"2025-02-13T09:31:03","slug":"showroom","status":"publish","type":"page","link":"https:\/\/diaaz.ba\/sl\/showroom\/","title":{"rendered":"Showroom"},"content":{"rendered":"\t\t<div data-elementor-type=\"wp-page\" data-elementor-id=\"33074\" class=\"elementor elementor-33074 elementor-97\" data-elementor-post-type=\"page\">\n\t\t\t\t\t\t<section class=\"elementor-section elementor-top-section elementor-element elementor-element-5616f39 elementor-section-boxed elementor-section-height-default elementor-section-height-default wd-section-disabled\" data-id=\"5616f39\" data-element_type=\"section\">\n\t\t\t\t\t\t<div class=\"elementor-container elementor-column-gap-default\">\n\t\t\t\t\t<div class=\"elementor-column elementor-col-100 elementor-top-column elementor-element elementor-element-c1c40bd\" data-id=\"c1c40bd\" data-element_type=\"column\">\n\t\t\t<div class=\"elementor-widget-wrap elementor-element-populated\">\n\t\t\t\t\t\t<div class=\"elementor-element elementor-element-47de7fa elementor-widget elementor-widget-heading\" data-id=\"47de7fa\" data-element_type=\"widget\" data-widget_type=\"heading.default\">\n\t\t\t\t<div class=\"elementor-widget-container\">\n\t\t\t\t\t<span class=\"elementor-heading-title elementor-size-default\">Diaaz<\/span>\t\t\t\t<\/div>\n\t\t\t\t<\/div>\n\t\t\t\t<div class=\"elementor-element elementor-element-84e7f80 elementor-widget elementor-widget-heading\" data-id=\"84e7f80\" data-element_type=\"widget\" data-widget_type=\"heading.default\">\n\t\t\t\t<div class=\"elementor-widget-container\">\n\t\t\t\t\t<h1 class=\"elementor-heading-title elementor-size-default\">Dobrodo\u0161li v na\u0161 showroom<\/h1>\t\t\t\t<\/div>\n\t\t\t\t<\/div>\n\t\t\t\t<div class=\"elementor-element elementor-element-0ebb2fd elementor-widget elementor-widget-video\" data-id=\"0ebb2fd\" data-element_type=\"widget\" data-settings=\"{&quot;youtube_url&quot;:&quot;https:\\\/\\\/www.youtube.com\\\/watch?v=Ub0VtsrF9q0&quot;,&quot;video_type&quot;:&quot;youtube&quot;,&quot;controls&quot;:&quot;yes&quot;}\" data-widget_type=\"video.default\">\n\t\t\t\t<div class=\"elementor-widget-container\">\n\t\t\t\t\t\t\t<div class=\"elementor-wrapper elementor-open-inline\">\n\t\t\t<div class=\"elementor-video\"><\/div>\t\t<\/div>\n\t\t\t\t\t\t<\/div>\n\t\t\t\t<\/div>\n\t\t\t\t<div class=\"elementor-element elementor-element-933a92e elementor-widget elementor-widget-heading\" data-id=\"933a92e\" data-element_type=\"widget\" data-widget_type=\"heading.default\">\n\t\t\t\t<div class=\"elementor-widget-container\">\n\t\t\t\t\t<h3 class=\"elementor-heading-title elementor-size-default\">Obi\u0161\u010dite na\u0161 showroom in si v \u017eivo oglejte razli\u010dne modele miz.<\/h3>\t\t\t\t<\/div>\n\t\t\t\t<\/div>\n\t\t\t\t<div class=\"elementor-element elementor-element-24a9b59 color-scheme-inherit text-left elementor-widget elementor-widget-text-editor\" data-id=\"24a9b59\" data-element_type=\"widget\" data-widget_type=\"text-editor.default\">\n\t\t\t\t<div class=\"elementor-widget-container\">\n\t\t\t\t\t\t\t\t\t<p>Dobrodo\u0161li v svet DIAAZ miz, kjer se popolno rokodelstvo sre\u010duje s brez\u010dasno eleganco.<br \/>\u017de od leta 1990 podjetje KOMEL d.o.o. zadostuje okuse strank z edinstveno ponudbo ro\u010dno izdelanih miz iz masivnega lesa in epoxy smole <\/p>\n<p>Na\u0161a prodajalna, ki se nahaja na naslovu Igmanska bb, Industrijska zona Unis Pretis v Vogo\u0161\u0107i, vam ponuja prilo\u017enost, da natan\u010dno pogledate na\u0161o razko\u0161no in ekskluzivno kolekcijo ter odkrijete posebno vrednost in edinstvenost na\u0161ih miz.<\/p>\n<p>V na\u0161em inspirativnem okolju si lahko ogledate:<\/p>\n<ul>\n<li>izbor razli\u010dnih vrst lesa iz katerega izdelujemo mize<\/li>\n<li>modeli kovinskih in lesenih nog, ki popolnoma dopolnjujejo vsako mizo<\/li>\n<li>vznemirljive barve in teksture epoxy smole<\/li>\n<li>razli\u010dne dimenzije miz, skupaj z na\u0161o strokovnostjo, da vam pomagamo najti popolno velikost mize za va\u0161 prostor<\/li>\n<li>naravni robovi (&#8220;Live edge&#8221;) miz, bolj ali manj izraziti, ki dodajo poseben \u0161arm in zna\u010daj mizi<\/li>\n<li>\u0161tevilni detajli kon\u010dne obdelave, ki na\u0161e mize naredijo posebne.<\/li>\n<\/ul>\n<p>Poleg tega zagotavljamo kakovost in dolgotrajnost vsake mize, ki zapusti na\u0161o delavnico.<\/p>\n<p>\u010ce iz kakr\u0161nega koli razloga niste zadovoljni z nakupom, imate mo\u017enost vra\u010dila v roku 15 dni od dneva dostave.<\/p>\n<p>Delovni \u010das na\u0161e prodajalne je prilagojen va\u0161emu urniku:<br \/>Ponedeljak do petka: 09:00 \u2013 18:00<br \/>Sobota: 09:00 \u2013 18:00.<\/p>\n<p>Na\u0161a strokovna ekipa je na voljo, da vam nudi celovito pomo\u010d pri izbiri mize, ki najbolje ustreza va\u0161im potrebam in okusu.<\/p>\n<p><b>Za hitra vpra\u0161anja nas prosim kontaktirajte preko direktne linije: <a href=\"telefon:%20+38762740740\">+387 62 740 740<\/a> (Viber, WhatsApp). <\/b><\/p>\n\t\t\t\t\t\t\t\t<\/div>\n\t\t\t\t<\/div>\n\t\t\t\t\t<\/div>\n\t\t<\/div>\n\t\t\t\t\t<\/div>\n\t\t<\/section>\n\t\t\t\t<section class=\"elementor-section elementor-top-section elementor-element elementor-element-a8277f3 elementor-section-full_width elementor-section-stretched elementor-section-height-default elementor-section-height-default wd-section-disabled\" data-id=\"a8277f3\" data-element_type=\"section\" data-settings=\"{&quot;stretch_section&quot;:&quot;section-stretched&quot;}\">\n\t\t\t\t\t\t<div class=\"elementor-container elementor-column-gap-no\">\n\t\t\t\t\t<div class=\"elementor-column elementor-col-100 elementor-top-column elementor-element elementor-element-386c31c\" data-id=\"386c31c\" data-element_type=\"column\">\n\t\t\t<div class=\"elementor-widget-wrap elementor-element-populated\">\n\t\t\t\t\t\t<div class=\"elementor-element elementor-element-b83e425 elementor-widget elementor-widget-google_maps\" data-id=\"b83e425\" data-element_type=\"widget\" data-widget_type=\"google_maps.default\">\n\t\t\t\t<div class=\"elementor-widget-container\">\n\t\t\t\t\t\t\t<div class=\"elementor-custom-embed\">\n\t\t\t<iframe\n\t\t\t\t\tdata-src=\"https:\/\/maps.google.com\/maps?q=Komel%2C%20Igmanska%20bb&#038;t=m&#038;z=12&#038;output=embed&#038;iwloc=near\"\n\t\t\t\t\ttitle=\"Komel, Igmanska bb\"\n\t\t\t\t\taria-label=\"Komel, Igmanska bb\"\n\t\t\t src=\"data:image\/svg+xml;base64,PHN2ZyB3aWR0aD0iMSIgaGVpZ2h0PSIxIiB4bWxucz0iaHR0cDovL3d3dy53My5vcmcvMjAwMC9zdmciPjwvc3ZnPg==\" class=\"lazyload\" data-load-mode=\"1\"><\/iframe>\n\t\t<\/div>\n\t\t\t\t\t\t<\/div>\n\t\t\t\t<\/div>\n\t\t\t\t\t<\/div>\n\t\t<\/div>\n\t\t\t\t\t<\/div>\n\t\t<\/section>\n\t\t\t\t<\/div>\n\t\t","protected":false},"excerpt":{"rendered":"<p>Diaaz Dobrodo\u0161li v na\u0161 showroom Obi\u0161\u010dite na\u0161 showroom in si v \u017eivo oglejte razli\u010dne modele miz. Dobrodo\u0161li v svet DIAAZ<\/p>\n","protected":false},"author":1,"featured_media":0,"parent":0,"menu_order":0,"comment_status":"closed","ping_status":"closed","template":"elementor_header_footer","meta":{"_acf_changed":false,"inline_featured_image":false,"footnotes":""},"class_list":["post-33074","page","type-page","status-publish","hentry"],"acf":[],"_links":{"self":[{"href":"https:\/\/diaaz.ba\/sl\/wp-json\/wp\/v2\/pages\/33074","targetHints":{"allow":["GET"]}}],"collection":[{"href":"https:\/\/diaaz.ba\/sl\/wp-json\/wp\/v2\/pages"}],"about":[{"href":"https:\/\/diaaz.ba\/sl\/wp-json\/wp\/v2\/types\/page"}],"author":[{"embeddable":true,"href":"https:\/\/diaaz.ba\/sl\/wp-json\/wp\/v2\/users\/1"}],"replies":[{"embeddable":true,"href":"https:\/\/diaaz.ba\/sl\/wp-json\/wp\/v2\/comments?post=33074"}],"version-history":[{"count":2,"href":"https:\/\/diaaz.ba\/sl\/wp-json\/wp\/v2\/pages\/33074\/revisions"}],"predecessor-version":[{"id":33086,"href":"https:\/\/diaaz.ba\/sl\/wp-json\/wp\/v2\/pages\/33074\/revisions\/33086"}],"wp:attachment":[{"href":"https:\/\/diaaz.ba\/sl\/wp-json\/wp\/v2\/media?parent=33074"}],"curies":[{"name":"wp","href":"https:\/\/api.w.org\/{rel}","templated":true}]}}